{"id":1008,"date":"2018-03-14T11:07:35","date_gmt":"2018-03-14T10:07:35","guid":{"rendered":"http:\/\/www.villa-ritter.ch\/?page_id=1008"},"modified":"2024-02-02T15:30:26","modified_gmt":"2024-02-02T14:30:26","slug":"soutenez-la-villa","status":"publish","type":"page","link":"https:\/\/www.villa-ritter.ch\/?page_id=1008","title":{"rendered":"Soutenez la Villa !"},"content":{"rendered":"\t\t<div data-elementor-type=\"wp-page\" data-elementor-id=\"1008\" class=\"elementor elementor-1008\">\n\t\t\t\t\t\t<section class=\"elementor-section elementor-top-section elementor-element elementor-element-6c453f2f elementor-section-boxed elementor-section-height-default elementor-section-height-default\" data-id=\"6c453f2f\" data-element_type=\"section\" data-e-type=\"section\">\n\t\t\t\t\t\t<div class=\"elementor-container elementor-column-gap-default\">\n\t\t\t\t\t<div class=\"elementor-column elementor-col-100 elementor-top-column elementor-element elementor-element-7fb91042\" data-id=\"7fb91042\" data-element_type=\"column\" data-e-type=\"column\">\n\t\t\t<div class=\"elementor-widget-wrap elementor-element-populated\">\n\t\t\t\t\t\t<div class=\"elementor-element elementor-element-3c4caafb elementor-widget elementor-widget-text-editor\" data-id=\"3c4caafb\" data-element_type=\"widget\" data-e-type=\"widget\" data-widget_type=\"text-editor.default\">\n\t\t\t\t<div class=\"elementor-widget-container\">\n\t\t\t\t\t\t\t\t\t<p>Depuis quelques ann\u00e9es, nous devons composer avec des baisses de subventions. En effet, nos trois subventionneurs historiques, la Ville de Bienne et les paroisses r\u00e9form\u00e9e et catholique de Bienne sont aussi confront\u00e9s \u00e0 des difficult\u00e9s financi\u00e8res.<\/p><p>Nous ne pouvons pas rester bras crois\u00e9s face \u00e0 cela et nous nous sommes engag\u00e9s depuis d\u00e9but 2017 dans une nouvelle strat\u00e9gie financi\u00e8re :<\/p><ul><li>Recherche de fonds<\/li><li>Demandes de soutien par projet<\/li><li>Augmentations de nos entr\u00e9es propres (locations, prestations, cotisations, etc.)<\/li><li>R\u00e9ductions de nos charges (dans la mesure du possible)<\/li><\/ul><p style=\"text-align: center;\"><strong>Vous souhaitez apporter une pierre \u00e0 l&rsquo;\u00e9difice?<\/strong><\/p><p><!-- \/wp:group --><\/p>\t\t\t\t\t\t\t\t<\/div>\n\t\t\t\t<\/div>\n\t\t\t\t<div class=\"elementor-element elementor-element-7f07879 elementor-align-center elementor-widget elementor-widget-button\" data-id=\"7f07879\" data-element_type=\"widget\" data-e-type=\"widget\" data-widget_type=\"button.default\">\n\t\t\t\t<div class=\"elementor-widget-container\">\n\t\t\t\t\t\t\t\t\t<div class=\"elementor-button-wrapper\">\n\t\t\t\t\t<a class=\"elementor-button elementor-button-link elementor-size-sm\" href=\"https:\/\/www.villa-ritter.ch\/?page_id=1017\">\n\t\t\t\t\t\t<span class=\"elementor-button-content-wrapper\">\n\t\t\t\t\t\t\t\t\t<span class=\"elementor-button-text\">Faire un don<\/span>\n\t\t\t\t\t<\/span>\n\t\t\t\t\t<\/a>\n\t\t\t\t<\/div>\n\t\t\t\t\t\t\t\t<\/div>\n\t\t\t\t<\/div>\n\t\t\t\t\t<\/div>\n\t\t<\/div>\n\t\t\t\t\t<\/div>\n\t\t<\/section>\n\t\t\t\t<\/div>\n\t\t","protected":false},"excerpt":{"rendered":"<p>Depuis quelques ann\u00e9es, nous devons composer avec des baisses de subventions. En effet, nos trois subventionneurs historiques, la Ville de Bienne et les paroisses r\u00e9form\u00e9e et catholique de Bienne sont aussi confront\u00e9s \u00e0 des difficult\u00e9s financi\u00e8res. Nous ne pouvons pas rester bras crois\u00e9s face \u00e0 cela et nous nous sommes engag\u00e9s depuis d\u00e9but 2017 dans [&hellip;]<\/p>\n","protected":false},"author":1,"featured_media":0,"parent":0,"menu_order":1,"comment_status":"closed","ping_status":"closed","template":"","meta":{"site-sidebar-layout":"default","site-content-layout":"","ast-site-content-layout":"default","site-content-style":"default","site-sidebar-style":"default","ast-global-header-display":"","ast-banner-title-visibility":"","ast-main-header-display":"","ast-hfb-above-header-display":"","ast-hfb-below-header-display":"","ast-hfb-mobile-header-display":"","site-post-title":"","ast-breadcrumbs-content":"","ast-featured-img":"","footer-sml-layout":"","ast-disable-related-posts":"","theme-transparent-header-meta":"","adv-header-id-meta":"","stick-header-meta":"","header-above-stick-meta":"","header-main-stick-meta":"","header-below-stick-meta":"","astra-migrate-meta-layouts":"default","ast-page-background-enabled":"default","ast-page-background-meta":{"desktop":{"background-color":"","background-image":"","background-repeat":"repeat","background-position":"center center","background-size":"auto","background-attachment":"scroll","background-type":"","background-media":"","overlay-type":"","overlay-color":"","overlay-opacity":"","overlay-gradient":""},"tablet":{"background-color":"","background-image":"","background-repeat":"repeat","background-position":"center center","background-size":"auto","background-attachment":"scroll","background-type":"","background-media":"","overlay-type":"","overlay-color":"","overlay-opacity":"","overlay-gradient":""},"mobile":{"background-color":"","background-image":"","background-repeat":"repeat","background-position":"center center","background-size":"auto","background-attachment":"scroll","background-type":"","background-media":"","overlay-type":"","overlay-color":"","overlay-opacity":"","overlay-gradient":""}},"ast-content-background-meta":{"desktop":{"background-color":"var(--ast-global-color-5)","background-image":"","background-repeat":"repeat","background-position":"center center","background-size":"auto","background-attachment":"scroll","background-type":"","background-media":"","overlay-type":"","overlay-color":"","overlay-opacity":"","overlay-gradient":""},"tablet":{"background-color":"var(--ast-global-color-5)","background-image":"","background-repeat":"repeat","background-position":"center center","background-size":"auto","background-attachment":"scroll","background-type":"","background-media":"","overlay-type":"","overlay-color":"","overlay-opacity":"","overlay-gradient":""},"mobile":{"background-color":"var(--ast-global-color-5)","background-image":"","background-repeat":"repeat","background-position":"center center","background-size":"auto","background-attachment":"scroll","background-type":"","background-media":"","overlay-type":"","overlay-color":"","overlay-opacity":"","overlay-gradient":""}},"ngg_post_thumbnail":0,"footnotes":""},"class_list":["post-1008","page","type-page","status-publish","hentry"],"_links":{"self":[{"href":"https:\/\/www.villa-ritter.ch\/index.php?rest_route=\/wp\/v2\/pages\/1008","targetHints":{"allow":["GET"]}}],"collection":[{"href":"https:\/\/www.villa-ritter.ch\/index.php?rest_route=\/wp\/v2\/pages"}],"about":[{"href":"https:\/\/www.villa-ritter.ch\/index.php?rest_route=\/wp\/v2\/types\/page"}],"author":[{"embeddable":true,"href":"https:\/\/www.villa-ritter.ch\/index.php?rest_route=\/wp\/v2\/users\/1"}],"replies":[{"embeddable":true,"href":"https:\/\/www.villa-ritter.ch\/index.php?rest_route=%2Fwp%2Fv2%2Fcomments&post=1008"}],"version-history":[{"count":18,"href":"https:\/\/www.villa-ritter.ch\/index.php?rest_route=\/wp\/v2\/pages\/1008\/revisions"}],"predecessor-version":[{"id":4245,"href":"https:\/\/www.villa-ritter.ch\/index.php?rest_route=\/wp\/v2\/pages\/1008\/revisions\/4245"}],"wp:attachment":[{"href":"https:\/\/www.villa-ritter.ch\/index.php?rest_route=%2Fwp%2Fv2%2Fmedia&parent=1008"}],"curies":[{"name":"wp","href":"https:\/\/api.w.org\/{rel}","templated":true}]}}