{"id":1012,"date":"2018-03-14T11:20:31","date_gmt":"2018-03-14T10:20:31","guid":{"rendered":"http:\/\/www.villa-ritter.ch\/?page_id=1012"},"modified":"2024-02-02T15:16:57","modified_gmt":"2024-02-02T14:16:57","slug":"recherche-de-fonds","status":"publish","type":"page","link":"https:\/\/www.villa-ritter.ch\/?page_id=1012","title":{"rendered":"Devenir un financeur !"},"content":{"rendered":"<style>\/*! elementor - v3.11.5 - 14-03-2023 *\/<br \/>\n.elementor-accordion{text-align:left}.elementor-accordion .elementor-accordion-item{border:1px solid #d4d4d4}.elementor-accordion .elementor-accordion-item+.elementor-accordion-item{border-top:none}.elementor-accordion .elementor-tab-title{margin:0;padding:15px 20px;font-weight:700;line-height:1;cursor:pointer;outline:none}.elementor-accordion .elementor-tab-title .elementor-accordion-icon{display:inline-block;width:1.5em}.elementor-accordion .elementor-tab-title .elementor-accordion-icon svg{width:1em;height:1em}.elementor-accordion .elementor-tab-title .elementor-accordion-icon.elementor-accordion-icon-right{float:right;text-align:right}.elementor-accordion .elementor-tab-title .elementor-accordion-icon.elementor-accordion-icon-left{float:left;text-align:left}.elementor-accordion .elementor-tab-title .elementor-accordion-icon .elementor-accordion-icon-closed{display:block}.elementor-accordion .elementor-tab-title .elementor-accordion-icon .elementor-accordion-icon-opened,.elementor-accordion .elementor-tab-title.elementor-active .elementor-accordion-icon-closed{display:none}.elementor-accordion .elementor-tab-title.elementor-active .elementor-accordion-icon-opened{display:block}.elementor-accordion .elementor-tab-content{display:none;padding:15px 20px;border-top:1px solid #d4d4d4}@media (max-width:767px){.elementor-accordion .elementor-tab-title{padding:12px 15px}.elementor-accordion .elementor-tab-title .elementor-accordion-icon{width:1.2em}.elementor-accordion .elementor-tab-content{padding:7px 15px}}.e-con-inner>.elementor-widget-accordion,.e-con>.elementor-widget-accordion{width:var(--container-widget-width);--flex-grow:var(--container-widget-flex-grow)}<\/style>\n<p>\t\t\t\t\t\t\t\t\t\t\t\t<a href=\"\">FINANCEURS<\/a><\/p>\n<ul>\n<li>Ville de Bienne (et canton de Berne) : &nbsp; &nbsp; CHF 160\u2019000<\/li>\n<li>Paroisse r\u00e9form\u00e9e de Bienne : &nbsp; &nbsp; &nbsp; &nbsp; &nbsp; &nbsp; &nbsp; &nbsp;&nbsp;&nbsp; CHF 95\u2019000<\/li>\n<li>Paroisse catholique de Bienne :&nbsp; &nbsp; &nbsp; &nbsp; &nbsp; &nbsp; &nbsp; &nbsp;&nbsp; CHF 80\u2019000<\/li>\n<li>Paroisse r\u00e9form\u00e9e de Nidau :&nbsp; &nbsp; &nbsp; &nbsp; &nbsp; &nbsp; &nbsp;&nbsp;&nbsp;&nbsp;&nbsp; &nbsp;&nbsp; &nbsp; CHF 4\u2019000<\/li>\n<li>&nbsp;<\/li>\n<\/ul>\n<p><a href=\"\">MODE DE SUBVENTIONNEMENT<\/a><\/p>\n<p>Nous avons un contrat de prestations avec la Ville ainsi qu\u2019avec la Paroisse r\u00e9form\u00e9e de Bienne.<\/p>\n<p>Ce contrat est renouvelable. Il pose le cadre et les objectifs du partenariat et garantit notre financement pour quatre ans. Nous \u00e9tablissons un \u00ab&nbsp;controlling&nbsp;\u00bb annuel. Il s\u2019agit d\u2019un document qui d\u00e9crit le travail fourni durant l\u2019ann\u00e9e \u00e9coul\u00e9e.<\/p>\n<p>Nous avons une promesse de financement de la part de la Paroisse catholique.<\/p>\n<p><a href=\"\">BAISSES DE SUBVENTIONS 2014-2021<\/a><\/p>\n<p>Depuis 2013, la baisse de nos subventions a d\u00e9pass\u00e9 CHF <strong>55\u2019000.<\/strong><\/p>\n<p>Notre objectif est de compenser une partie de cette perte par des contributions de :<\/p>\n<ul>\n<li>communes voisines<\/li>\n<li>fondations<\/li>\n<li>entreprises<\/li>\n<li>priv\u00e9s<\/li>\n<\/ul>\n<p style=\"text-align: center;\"><strong>La Villa Ritter se trouve actuellement dans une situation financi\u00e8re d\u00e9licate et se r\u00e9jouirait de nouveaux financements quelles que soient leur forme.<br \/>\n<\/strong><\/p>\n<p style=\"text-align: center;\">\u00cates-vous pr\u00eat \u00e0 soutenir r\u00e9guli\u00e8rement la Villa ? Si oui, n&rsquo;h\u00e9sitez pas \u00e0 prendre <a href=\"https:\/\/www.villa-ritter.ch\/?page_id=68\">contact<\/a> avec nous.<\/p>\n<p style=\"text-align: center;\"><strong>DE TOUT C\u0152UR MERCI !<\/strong><\/p>\n","protected":false},"excerpt":{"rendered":"<p>FINANCEURS Ville de Bienne (et canton de Berne) : &nbsp; &nbsp; CHF 160\u2019000 Paroisse r\u00e9form\u00e9e de Bienne : &nbsp; &nbsp; &nbsp; &nbsp; &nbsp; &nbsp; &nbsp; &nbsp;&nbsp;&nbsp; CHF 95\u2019000 Paroisse catholique de Bienne :&nbsp; &nbsp; &nbsp; &nbsp; &nbsp; &nbsp; &nbsp; &nbsp;&nbsp; CHF 80\u2019000 Paroisse r\u00e9form\u00e9e de Nidau :&nbsp; &nbsp; &nbsp; &nbsp; &nbsp; &nbsp; &nbsp;&nbsp;&nbsp;&nbsp;&nbsp; &nbsp;&nbsp; &nbsp; [&hellip;]<\/p>\n","protected":false},"author":1,"featured_media":0,"parent":1008,"menu_order":1,"comment_status":"closed","ping_status":"closed","template":"","meta":{"site-sidebar-layout":"default","site-content-layout":"","ast-site-content-layout":"default","site-content-style":"default","site-sidebar-style":"default","ast-global-header-display":"","ast-banner-title-visibility":"","ast-main-header-display":"","ast-hfb-above-header-display":"","ast-hfb-below-header-display":"","ast-hfb-mobile-header-display":"","site-post-title":"","ast-breadcrumbs-content":"","ast-featured-img":"","footer-sml-layout":"","ast-disable-related-posts":"","theme-transparent-header-meta":"","adv-header-id-meta":"","stick-header-meta":"","header-above-stick-meta":"","header-main-stick-meta":"","header-below-stick-meta":"","astra-migrate-meta-layouts":"default","ast-page-background-enabled":"default","ast-page-background-meta":{"desktop":{"background-color":"","background-image":"","background-repeat":"repeat","background-position":"center center","background-size":"auto","background-attachment":"scroll","background-type":"","background-media":"","overlay-type":"","overlay-color":"","overlay-opacity":"","overlay-gradient":""},"tablet":{"background-color":"","background-image":"","background-repeat":"repeat","background-position":"center center","background-size":"auto","background-attachment":"scroll","background-type":"","background-media":"","overlay-type":"","overlay-color":"","overlay-opacity":"","overlay-gradient":""},"mobile":{"background-color":"","background-image":"","background-repeat":"repeat","background-position":"center center","background-size":"auto","background-attachment":"scroll","background-type":"","background-media":"","overlay-type":"","overlay-color":"","overlay-opacity":"","overlay-gradient":""}},"ast-content-background-meta":{"desktop":{"background-color":"var(--ast-global-color-5)","background-image":"","background-repeat":"repeat","background-position":"center center","background-size":"auto","background-attachment":"scroll","background-type":"","background-media":"","overlay-type":"","overlay-color":"","overlay-opacity":"","overlay-gradient":""},"tablet":{"background-color":"var(--ast-global-color-5)","background-image":"","background-repeat":"repeat","background-position":"center center","background-size":"auto","background-attachment":"scroll","background-type":"","background-media":"","overlay-type":"","overlay-color":"","overlay-opacity":"","overlay-gradient":""},"mobile":{"background-color":"var(--ast-global-color-5)","background-image":"","background-repeat":"repeat","background-position":"center center","background-size":"auto","background-attachment":"scroll","background-type":"","background-media":"","overlay-type":"","overlay-color":"","overlay-opacity":"","overlay-gradient":""}},"ngg_post_thumbnail":0,"footnotes":""},"class_list":["post-1012","page","type-page","status-publish","hentry"],"_links":{"self":[{"href":"https:\/\/www.villa-ritter.ch\/index.php?rest_route=\/wp\/v2\/pages\/1012","targetHints":{"allow":["GET"]}}],"collection":[{"href":"https:\/\/www.villa-ritter.ch\/index.php?rest_route=\/wp\/v2\/pages"}],"about":[{"href":"https:\/\/www.villa-ritter.ch\/index.php?rest_route=\/wp\/v2\/types\/page"}],"author":[{"embeddable":true,"href":"https:\/\/www.villa-ritter.ch\/index.php?rest_route=\/wp\/v2\/users\/1"}],"replies":[{"embeddable":true,"href":"https:\/\/www.villa-ritter.ch\/index.php?rest_route=%2Fwp%2Fv2%2Fcomments&post=1012"}],"version-history":[{"count":28,"href":"https:\/\/www.villa-ritter.ch\/index.php?rest_route=\/wp\/v2\/pages\/1012\/revisions"}],"predecessor-version":[{"id":4229,"href":"https:\/\/www.villa-ritter.ch\/index.php?rest_route=\/wp\/v2\/pages\/1012\/revisions\/4229"}],"up":[{"embeddable":true,"href":"https:\/\/www.villa-ritter.ch\/index.php?rest_route=\/wp\/v2\/pages\/1008"}],"wp:attachment":[{"href":"https:\/\/www.villa-ritter.ch\/index.php?rest_route=%2Fwp%2Fv2%2Fmedia&parent=1012"}],"curies":[{"name":"wp","href":"https:\/\/api.w.org\/{rel}","templated":true}]}}