{"id":1078,"date":"2018-09-25T16:29:33","date_gmt":"2018-09-25T15:29:33","guid":{"rendered":"http:\/\/www.villa-ritter.ch\/?page_id=1078"},"modified":"2023-09-12T14:53:29","modified_gmt":"2023-09-12T13:53:29","slug":"location-test","status":"publish","type":"page","link":"https:\/\/www.villa-ritter.ch\/?page_id=1078","title":{"rendered":"Locations pour f\u00eates priv\u00e9es"},"content":{"rendered":"\t\t<div data-elementor-type=\"wp-page\" data-elementor-id=\"1078\" class=\"elementor elementor-1078\">\n\t\t\t\t\t\t<section class=\"elementor-section elementor-top-section elementor-element elementor-element-d46aeaa elementor-section-boxed elementor-section-height-default elementor-section-height-default\" data-id=\"d46aeaa\" data-element_type=\"section\" data-e-type=\"section\">\n\t\t\t\t\t\t<div class=\"elementor-container elementor-column-gap-default\">\n\t\t\t\t\t<div class=\"elementor-column elementor-col-100 elementor-top-column elementor-element elementor-element-f398aa2\" data-id=\"f398aa2\" data-element_type=\"column\" data-e-type=\"column\">\n\t\t\t<div class=\"elementor-widget-wrap elementor-element-populated\">\n\t\t\t\t\t\t<div class=\"elementor-element elementor-element-f12dc75 elementor-widget elementor-widget-text-editor\" data-id=\"f12dc75\" data-element_type=\"widget\" data-e-type=\"widget\" data-widget_type=\"text-editor.default\">\n\t\t\t\t<div class=\"elementor-widget-container\">\n\t\t\t\t\t\t\t\t\t<p>Avec une capacit\u00e9 d\u2019accueil de\u00a080 personnes, la grande salle se pr\u00eate parfaitement \u00e0 l\u2019organisation de f\u00eates ou de r\u00e9ceptions.<\/p><p>Une sonorisation, un syst\u00e8me d&rsquo;\u00e9clairage professionnel ainsi qu&rsquo;une couverture wifi sont \u00e0 disposition, tout comme une cuisine semi-professionnelle permettant l\u2019organisation de repas pour un grand nombre de convives.<\/p><p>Un jardin est \u00e9galement mis \u00e0 disposition avec une chemin\u00e9e pour les grillades. Quelques v\u00e9hicules peuvent \u00eatre gar\u00e9s derri\u00e8re la maison.<\/p>\t\t\t\t\t\t\t\t<\/div>\n\t\t\t\t<\/div>\n\t\t\t\t\t<\/div>\n\t\t<\/div>\n\t\t\t\t\t<\/div>\n\t\t<\/section>\n\t\t\t\t<section class=\"elementor-section elementor-top-section elementor-element elementor-element-1afcd69 elementor-section-boxed elementor-section-height-default elementor-section-height-default\" data-id=\"1afcd69\" data-element_type=\"section\" data-e-type=\"section\">\n\t\t\t\t\t\t<div class=\"elementor-container elementor-column-gap-default\">\n\t\t\t\t\t<div class=\"elementor-column elementor-col-25 elementor-top-column elementor-element elementor-element-ce80fed\" data-id=\"ce80fed\" data-element_type=\"column\" data-e-type=\"column\">\n\t\t\t<div class=\"elementor-widget-wrap elementor-element-populated\">\n\t\t\t\t\t\t<div class=\"elementor-element elementor-element-bf970e6 elementor-widget elementor-widget-heading\" data-id=\"bf970e6\" data-element_type=\"widget\" data-e-type=\"widget\" data-widget_type=\"heading.default\">\n\t\t\t\t<div class=\"elementor-widget-container\">\n\t\t\t\t\t<h5 class=\"elementor-heading-title elementor-size-default\">Contrat de location<\/h5>\t\t\t\t<\/div>\n\t\t\t\t<\/div>\n\t\t\t\t<div class=\"elementor-element elementor-element-c8b6429 elementor-align-center elementor-widget elementor-widget-button\" data-id=\"c8b6429\" data-element_type=\"widget\" data-e-type=\"widget\" data-widget_type=\"button.default\">\n\t\t\t\t<div class=\"elementor-widget-container\">\n\t\t\t\t\t\t\t\t\t<div class=\"elementor-button-wrapper\">\n\t\t\t\t\t<a class=\"elementor-button elementor-button-link elementor-size-sm\" href=\"https:\/\/www.villa-ritter.ch\/wp-content\/uploads\/contrat-location-2023-adultes.pdf\">\n\t\t\t\t\t\t<span class=\"elementor-button-content-wrapper\">\n\t\t\t\t\t\t\t\t\t<span class=\"elementor-button-text\">adultes<\/span>\n\t\t\t\t\t<\/span>\n\t\t\t\t\t<\/a>\n\t\t\t\t<\/div>\n\t\t\t\t\t\t\t\t<\/div>\n\t\t\t\t<\/div>\n\t\t\t\t\t<\/div>\n\t\t<\/div>\n\t\t\t\t<div class=\"elementor-column elementor-col-25 elementor-top-column elementor-element elementor-element-e9eae71\" data-id=\"e9eae71\" data-element_type=\"column\" data-e-type=\"column\">\n\t\t\t<div class=\"elementor-widget-wrap elementor-element-populated\">\n\t\t\t\t\t\t<div class=\"elementor-element elementor-element-08944e6 elementor-widget elementor-widget-heading\" data-id=\"08944e6\" data-element_type=\"widget\" data-e-type=\"widget\" data-widget_type=\"heading.default\">\n\t\t\t\t<div class=\"elementor-widget-container\">\n\t\t\t\t\t<h5 class=\"elementor-heading-title elementor-size-default\">Contrat de location<\/h5>\t\t\t\t<\/div>\n\t\t\t\t<\/div>\n\t\t\t\t<div class=\"elementor-element elementor-element-5719095 elementor-align-center elementor-widget elementor-widget-button\" data-id=\"5719095\" data-element_type=\"widget\" data-e-type=\"widget\" data-widget_type=\"button.default\">\n\t\t\t\t<div class=\"elementor-widget-container\">\n\t\t\t\t\t\t\t\t\t<div class=\"elementor-button-wrapper\">\n\t\t\t\t\t<a class=\"elementor-button elementor-button-link elementor-size-sm\" href=\"https:\/\/www.villa-ritter.ch\/wp-content\/uploads\/contrat-location-2023-jeunes.pdf\">\n\t\t\t\t\t\t<span class=\"elementor-button-content-wrapper\">\n\t\t\t\t\t\t\t\t\t<span class=\"elementor-button-text\">jeunes<\/span>\n\t\t\t\t\t<\/span>\n\t\t\t\t\t<\/a>\n\t\t\t\t<\/div>\n\t\t\t\t\t\t\t\t<\/div>\n\t\t\t\t<\/div>\n\t\t\t\t\t<\/div>\n\t\t<\/div>\n\t\t\t\t<div class=\"elementor-column elementor-col-25 elementor-top-column elementor-element elementor-element-d4bac58\" data-id=\"d4bac58\" data-element_type=\"column\" data-e-type=\"column\">\n\t\t\t<div class=\"elementor-widget-wrap elementor-element-populated\">\n\t\t\t\t\t\t<div class=\"elementor-element elementor-element-538cd05 elementor-widget elementor-widget-heading\" data-id=\"538cd05\" data-element_type=\"widget\" data-e-type=\"widget\" data-widget_type=\"heading.default\">\n\t\t\t\t<div class=\"elementor-widget-container\">\n\t\t\t\t\t<h5 class=\"elementor-heading-title elementor-size-default\">R\u00e8glement de location<\/h5>\t\t\t\t<\/div>\n\t\t\t\t<\/div>\n\t\t\t\t<div class=\"elementor-element elementor-element-b9cc23c elementor-align-center elementor-widget elementor-widget-button\" data-id=\"b9cc23c\" data-element_type=\"widget\" data-e-type=\"widget\" data-widget_type=\"button.default\">\n\t\t\t\t<div class=\"elementor-widget-container\">\n\t\t\t\t\t\t\t\t\t<div class=\"elementor-button-wrapper\">\n\t\t\t\t\t<a class=\"elementor-button elementor-button-link elementor-size-sm\" href=\"https:\/\/www.villa-ritter.ch\/wp-content\/uploads\/re\u0300glement-location-2023.pdf\">\n\t\t\t\t\t\t<span class=\"elementor-button-content-wrapper\">\n\t\t\t\t\t\t\t\t\t<span class=\"elementor-button-text\">R\u00e8glement<\/span>\n\t\t\t\t\t<\/span>\n\t\t\t\t\t<\/a>\n\t\t\t\t<\/div>\n\t\t\t\t\t\t\t\t<\/div>\n\t\t\t\t<\/div>\n\t\t\t\t\t<\/div>\n\t\t<\/div>\n\t\t\t\t<div class=\"elementor-column elementor-col-25 elementor-top-column elementor-element elementor-element-2b7bd67\" data-id=\"2b7bd67\" data-element_type=\"column\" data-e-type=\"column\">\n\t\t\t<div class=\"elementor-widget-wrap elementor-element-populated\">\n\t\t\t\t\t\t<div class=\"elementor-element elementor-element-7b3b913 elementor-widget elementor-widget-heading\" data-id=\"7b3b913\" data-element_type=\"widget\" data-e-type=\"widget\" data-widget_type=\"heading.default\">\n\t\t\t\t<div class=\"elementor-widget-container\">\n\t\t\t\t\t<h5 class=\"elementor-heading-title elementor-size-default\">Calendrier des locations<\/h5>\t\t\t\t<\/div>\n\t\t\t\t<\/div>\n\t\t\t\t<div class=\"elementor-element elementor-element-30f6afd elementor-align-center elementor-widget elementor-widget-button\" data-id=\"30f6afd\" data-element_type=\"widget\" data-e-type=\"widget\" data-widget_type=\"button.default\">\n\t\t\t\t<div class=\"elementor-widget-container\">\n\t\t\t\t\t\t\t\t\t<div class=\"elementor-button-wrapper\">\n\t\t\t\t\t<a class=\"elementor-button elementor-button-link elementor-size-sm\" href=\"https:\/\/www.villa-ritter.ch\/?page_id=1354\">\n\t\t\t\t\t\t<span class=\"elementor-button-content-wrapper\">\n\t\t\t\t\t\t\t\t\t<span class=\"elementor-button-text\">calendrier<\/span>\n\t\t\t\t\t<\/span>\n\t\t\t\t\t<\/a>\n\t\t\t\t<\/div>\n\t\t\t\t\t\t\t\t<\/div>\n\t\t\t\t<\/div>\n\t\t\t\t\t<\/div>\n\t\t<\/div>\n\t\t\t\t\t<\/div>\n\t\t<\/section>\n\t\t\t\t<section class=\"elementor-section elementor-top-section elementor-element elementor-element-f88a0a2 elementor-section-boxed elementor-section-height-default elementor-section-height-default\" data-id=\"f88a0a2\" data-element_type=\"section\" data-e-type=\"section\">\n\t\t\t\t\t\t<div class=\"elementor-container elementor-column-gap-default\">\n\t\t\t\t\t<div class=\"elementor-column elementor-col-100 elementor-top-column elementor-element elementor-element-09c5bf5\" data-id=\"09c5bf5\" data-element_type=\"column\" data-e-type=\"column\">\n\t\t\t<div class=\"elementor-widget-wrap elementor-element-populated\">\n\t\t\t\t\t\t<div class=\"elementor-element elementor-element-c5e1ab7 elementor-widget elementor-widget-spacer\" data-id=\"c5e1ab7\" data-element_type=\"widget\" data-e-type=\"widget\" data-widget_type=\"spacer.default\">\n\t\t\t\t<div class=\"elementor-widget-container\">\n\t\t\t\t\t\t\t<div class=\"elementor-spacer\">\n\t\t\t<div class=\"elementor-spacer-inner\"><\/div>\n\t\t<\/div>\n\t\t\t\t\t\t<\/div>\n\t\t\t\t<\/div>\n\t\t\t\t<div class=\"elementor-element elementor-element-b19b4f5 elementor-widget elementor-widget-image-gallery\" data-id=\"b19b4f5\" data-element_type=\"widget\" data-e-type=\"widget\" data-widget_type=\"image-gallery.default\">\n\t\t\t\t<div class=\"elementor-widget-container\">\n\t\t\t\t\t\t\t<div class=\"elementor-image-gallery\">\n\t\t\t<div id='gallery-1' class='gallery galleryid-1078 gallery-columns-3 gallery-size-shop_catalog'><figure class='gallery-item'>\n\t\t\t<div class='gallery-icon landscape'>\n\t\t\t\t<a data-elementor-open-lightbox=\"yes\" data-elementor-lightbox-slideshow=\"b19b4f5\" data-elementor-lightbox-title=\"IMG-20190703-WA0005\" data-e-action-hash=\"#elementor-action%3Aaction%3Dlightbox%26settings%3DeyJpZCI6MTMyNSwidXJsIjoiaHR0cHM6XC9cL3d3dy52aWxsYS1yaXR0ZXIuY2hcL3dwLWNvbnRlbnRcL3VwbG9hZHNcL0lNRy0yMDE5MDcwMy1XQTAwMDUuanBnIiwic2xpZGVzaG93IjoiYjE5YjRmNSJ9\" href='https:\/\/www.villa-ritter.ch\/wp-content\/uploads\/IMG-20190703-WA0005.jpg'><img fetchpriority=\"high\" decoding=\"async\" width=\"300\" height=\"300\" src=\"https:\/\/www.villa-ritter.ch\/wp-content\/uploads\/IMG-20190703-WA0005-300x300.jpg\" class=\"attachment-shop_catalog size-shop_catalog\" alt=\"\" srcset=\"https:\/\/www.villa-ritter.ch\/wp-content\/uploads\/IMG-20190703-WA0005-300x300.jpg 300w, https:\/\/www.villa-ritter.ch\/wp-content\/uploads\/IMG-20190703-WA0005-100x100.jpg 100w, https:\/\/www.villa-ritter.ch\/wp-content\/uploads\/IMG-20190703-WA0005-150x150.jpg 150w\" sizes=\"(max-width: 300px) 100vw, 300px\" \/><\/a>\n\t\t\t<\/div><\/figure><figure class='gallery-item'>\n\t\t\t<div class='gallery-icon landscape'>\n\t\t\t\t<a data-elementor-open-lightbox=\"yes\" data-elementor-lightbox-slideshow=\"b19b4f5\" data-elementor-lightbox-title=\"image1\" data-e-action-hash=\"#elementor-action%3Aaction%3Dlightbox%26settings%3DeyJpZCI6MTE2MCwidXJsIjoiaHR0cHM6XC9cL3d3dy52aWxsYS1yaXR0ZXIuY2hcL3dwLWNvbnRlbnRcL3VwbG9hZHNcL2ltYWdlMS1zY2FsZWQuanBnIiwic2xpZGVzaG93IjoiYjE5YjRmNSJ9\" href='https:\/\/www.villa-ritter.ch\/wp-content\/uploads\/image1-scaled.jpg'><img decoding=\"async\" width=\"300\" height=\"300\" src=\"https:\/\/www.villa-ritter.ch\/wp-content\/uploads\/image1-scaled-300x300.jpg\" class=\"attachment-shop_catalog size-shop_catalog\" alt=\"\" srcset=\"https:\/\/www.villa-ritter.ch\/wp-content\/uploads\/image1-scaled-300x300.jpg 300w, https:\/\/www.villa-ritter.ch\/wp-content\/uploads\/image1-100x100.jpg 100w, https:\/\/www.villa-ritter.ch\/wp-content\/uploads\/image1-150x150.jpg 150w\" sizes=\"(max-width: 300px) 100vw, 300px\" \/><\/a>\n\t\t\t<\/div><\/figure><figure class='gallery-item'>\n\t\t\t<div class='gallery-icon landscape'>\n\t\t\t\t<a data-elementor-open-lightbox=\"yes\" data-elementor-lightbox-slideshow=\"b19b4f5\" data-elementor-lightbox-title=\"Image 6789\" data-e-action-hash=\"#elementor-action%3Aaction%3Dlightbox%26settings%3DeyJpZCI6MTE3MSwidXJsIjoiaHR0cHM6XC9cL3d3dy52aWxsYS1yaXR0ZXIuY2hcL3dwLWNvbnRlbnRcL3VwbG9hZHNcL0ltYWdlLTY3ODktc2NhbGVkLmpwZyIsInNsaWRlc2hvdyI6ImIxOWI0ZjUifQ%3D%3D\" href='https:\/\/www.villa-ritter.ch\/wp-content\/uploads\/Image-6789-scaled.jpg'><img decoding=\"async\" width=\"300\" height=\"300\" src=\"https:\/\/www.villa-ritter.ch\/wp-content\/uploads\/Image-6789-scaled-300x300.jpg\" class=\"attachment-shop_catalog size-shop_catalog\" alt=\"\" srcset=\"https:\/\/www.villa-ritter.ch\/wp-content\/uploads\/Image-6789-scaled-300x300.jpg 300w, https:\/\/www.villa-ritter.ch\/wp-content\/uploads\/Image-6789-100x100.jpg 100w, https:\/\/www.villa-ritter.ch\/wp-content\/uploads\/Image-6789-150x150.jpg 150w\" sizes=\"(max-width: 300px) 100vw, 300px\" \/><\/a>\n\t\t\t<\/div><\/figure><figure class='gallery-item'>\n\t\t\t<div class='gallery-icon landscape'>\n\t\t\t\t<a data-elementor-open-lightbox=\"yes\" data-elementor-lightbox-slideshow=\"b19b4f5\" data-elementor-lightbox-title=\"image 7\" data-e-action-hash=\"#elementor-action%3Aaction%3Dlightbox%26settings%3DeyJpZCI6MTE2OCwidXJsIjoiaHR0cHM6XC9cL3d3dy52aWxsYS1yaXR0ZXIuY2hcL3dwLWNvbnRlbnRcL3VwbG9hZHNcL2ltYWdlLTctc2NhbGVkLmpwZyIsInNsaWRlc2hvdyI6ImIxOWI0ZjUifQ%3D%3D\" href='https:\/\/www.villa-ritter.ch\/wp-content\/uploads\/image-7-scaled.jpg'><img loading=\"lazy\" decoding=\"async\" width=\"300\" height=\"300\" src=\"https:\/\/www.villa-ritter.ch\/wp-content\/uploads\/image-7-scaled-300x300.jpg\" class=\"attachment-shop_catalog size-shop_catalog\" alt=\"\" srcset=\"https:\/\/www.villa-ritter.ch\/wp-content\/uploads\/image-7-scaled-300x300.jpg 300w, https:\/\/www.villa-ritter.ch\/wp-content\/uploads\/image-7-100x100.jpg 100w, https:\/\/www.villa-ritter.ch\/wp-content\/uploads\/image-7-150x150.jpg 150w\" sizes=\"(max-width: 300px) 100vw, 300px\" \/><\/a>\n\t\t\t<\/div><\/figure><figure class='gallery-item'>\n\t\t\t<div class='gallery-icon landscape'>\n\t\t\t\t<a data-elementor-open-lightbox=\"yes\" data-elementor-lightbox-slideshow=\"b19b4f5\" data-elementor-lightbox-title=\"Cuisine\" data-e-action-hash=\"#elementor-action%3Aaction%3Dlightbox%26settings%3DeyJpZCI6NTA2LCJ1cmwiOiJodHRwczpcL1wvd3d3LnZpbGxhLXJpdHRlci5jaFwvd3AtY29udGVudFwvdXBsb2Fkc1wvY3Vpc2luZTEtc2NhbGVkLmpwZyIsInNsaWRlc2hvdyI6ImIxOWI0ZjUifQ%3D%3D\" href='https:\/\/www.villa-ritter.ch\/wp-content\/uploads\/cuisine1-scaled.jpg'><img loading=\"lazy\" decoding=\"async\" width=\"300\" height=\"300\" src=\"https:\/\/www.villa-ritter.ch\/wp-content\/uploads\/cuisine1-scaled-300x300.jpg\" class=\"attachment-shop_catalog size-shop_catalog\" alt=\"\" srcset=\"https:\/\/www.villa-ritter.ch\/wp-content\/uploads\/cuisine1-scaled-300x300.jpg 300w, https:\/\/www.villa-ritter.ch\/wp-content\/uploads\/cuisine1-100x100.jpg 100w, https:\/\/www.villa-ritter.ch\/wp-content\/uploads\/cuisine1-150x150.jpg 150w\" sizes=\"(max-width: 300px) 100vw, 300px\" \/><\/a>\n\t\t\t<\/div><\/figure><figure class='gallery-item'>\n\t\t\t<div class='gallery-icon landscape'>\n\t\t\t\t<a data-elementor-open-lightbox=\"yes\" data-elementor-lightbox-slideshow=\"b19b4f5\" data-elementor-lightbox-title=\"IMG-20190703-WA0009\" data-e-action-hash=\"#elementor-action%3Aaction%3Dlightbox%26settings%3DeyJpZCI6MTMyNywidXJsIjoiaHR0cHM6XC9cL3d3dy52aWxsYS1yaXR0ZXIuY2hcL3dwLWNvbnRlbnRcL3VwbG9hZHNcL0lNRy0yMDE5MDcwMy1XQTAwMDkuanBnIiwic2xpZGVzaG93IjoiYjE5YjRmNSJ9\" href='https:\/\/www.villa-ritter.ch\/wp-content\/uploads\/IMG-20190703-WA0009.jpg'><img loading=\"lazy\" decoding=\"async\" width=\"300\" height=\"300\" src=\"https:\/\/www.villa-ritter.ch\/wp-content\/uploads\/IMG-20190703-WA0009-300x300.jpg\" class=\"attachment-shop_catalog size-shop_catalog\" alt=\"\" srcset=\"https:\/\/www.villa-ritter.ch\/wp-content\/uploads\/IMG-20190703-WA0009-300x300.jpg 300w, https:\/\/www.villa-ritter.ch\/wp-content\/uploads\/IMG-20190703-WA0009-100x100.jpg 100w, https:\/\/www.villa-ritter.ch\/wp-content\/uploads\/IMG-20190703-WA0009-150x150.jpg 150w\" sizes=\"(max-width: 300px) 100vw, 300px\" \/><\/a>\n\t\t\t<\/div><\/figure><figure class='gallery-item'>\n\t\t\t<div class='gallery-icon landscape'>\n\t\t\t\t<a data-elementor-open-lightbox=\"yes\" data-elementor-lightbox-slideshow=\"b19b4f5\" data-elementor-lightbox-title=\"Villa Ritter (3)\" data-e-action-hash=\"#elementor-action%3Aaction%3Dlightbox%26settings%3DeyJpZCI6MTI1NSwidXJsIjoiaHR0cHM6XC9cL3d3dy52aWxsYS1yaXR0ZXIuY2hcL3dwLWNvbnRlbnRcL3VwbG9hZHNcL1ZpbGxhLVJpdHRlci0zLmpwZWciLCJzbGlkZXNob3ciOiJiMTliNGY1In0%3D\" href='https:\/\/www.villa-ritter.ch\/wp-content\/uploads\/Villa-Ritter-3.jpeg'><img loading=\"lazy\" decoding=\"async\" width=\"300\" height=\"300\" src=\"https:\/\/www.villa-ritter.ch\/wp-content\/uploads\/Villa-Ritter-3-300x300.jpeg\" class=\"attachment-shop_catalog size-shop_catalog\" alt=\"\" srcset=\"https:\/\/www.villa-ritter.ch\/wp-content\/uploads\/Villa-Ritter-3-300x300.jpeg 300w, https:\/\/www.villa-ritter.ch\/wp-content\/uploads\/Villa-Ritter-3-100x100.jpeg 100w, https:\/\/www.villa-ritter.ch\/wp-content\/uploads\/Villa-Ritter-3-150x150.jpeg 150w\" sizes=\"(max-width: 300px) 100vw, 300px\" \/><\/a>\n\t\t\t<\/div><\/figure><figure class='gallery-item'>\n\t\t\t<div class='gallery-icon landscape'>\n\t\t\t\t<a data-elementor-open-lightbox=\"yes\" data-elementor-lightbox-slideshow=\"b19b4f5\" data-elementor-lightbox-title=\"Villa Ritter\" data-e-action-hash=\"#elementor-action%3Aaction%3Dlightbox%26settings%3DeyJpZCI6MTI1MywidXJsIjoiaHR0cHM6XC9cL3d3dy52aWxsYS1yaXR0ZXIuY2hcL3dwLWNvbnRlbnRcL3VwbG9hZHNcL1ZpbGxhLVJpdHRlci5qcGVnIiwic2xpZGVzaG93IjoiYjE5YjRmNSJ9\" href='https:\/\/www.villa-ritter.ch\/wp-content\/uploads\/Villa-Ritter.jpeg'><img loading=\"lazy\" decoding=\"async\" width=\"300\" height=\"300\" src=\"https:\/\/www.villa-ritter.ch\/wp-content\/uploads\/Villa-Ritter-300x300.jpeg\" class=\"attachment-shop_catalog size-shop_catalog\" alt=\"\" srcset=\"https:\/\/www.villa-ritter.ch\/wp-content\/uploads\/Villa-Ritter-300x300.jpeg 300w, https:\/\/www.villa-ritter.ch\/wp-content\/uploads\/Villa-Ritter-100x100.jpeg 100w, https:\/\/www.villa-ritter.ch\/wp-content\/uploads\/Villa-Ritter-150x150.jpeg 150w\" sizes=\"(max-width: 300px) 100vw, 300px\" \/><\/a>\n\t\t\t<\/div><\/figure>\n\t\t<\/div>\n\t\t<\/div>\n\t\t\t\t\t\t<\/div>\n\t\t\t\t<\/div>\n\t\t\t\t\t<\/div>\n\t\t<\/div>\n\t\t\t\t\t<\/div>\n\t\t<\/section>\n\t\t\t\t<\/div>\n\t\t","protected":false},"excerpt":{"rendered":"<p>Avec une capacit\u00e9 d\u2019accueil de\u00a080 personnes, la grande salle se pr\u00eate parfaitement \u00e0 l\u2019organisation de f\u00eates ou de r\u00e9ceptions. Une sonorisation, un syst\u00e8me d&rsquo;\u00e9clairage professionnel ainsi qu&rsquo;une couverture wifi sont \u00e0 disposition, tout comme une cuisine semi-professionnelle permettant l\u2019organisation de repas pour un grand nombre de convives. Un jardin est \u00e9galement mis \u00e0 disposition avec [&hellip;]<\/p>\n","protected":false},"author":1,"featured_media":0,"parent":1121,"menu_order":0,"comment_status":"closed","ping_status":"closed","template":"","meta":{"site-sidebar-layout":"default","site-content-layout":"","ast-site-content-layout":"default","site-content-style":"default","site-sidebar-style":"default","ast-global-header-display":"","ast-banner-title-visibility":"","ast-main-header-display":"","ast-hfb-above-header-display":"","ast-hfb-below-header-display":"","ast-hfb-mobile-header-display":"","site-post-title":"","ast-breadcrumbs-content":"","ast-featured-img":"","footer-sml-layout":"","ast-disable-related-posts":"","theme-transparent-header-meta":"","adv-header-id-meta":"","stick-header-meta":"","header-above-stick-meta":"","header-main-stick-meta":"","header-below-stick-meta":"","astra-migrate-meta-layouts":"default","ast-page-background-enabled":"default","ast-page-background-meta":{"desktop":{"background-color":"","background-image":"","background-repeat":"repeat","background-position":"center center","background-size":"auto","background-attachment":"scroll","background-type":"","background-media":"","overlay-type":"","overlay-color":"","overlay-opacity":"","overlay-gradient":""},"tablet":{"background-color":"","background-image":"","background-repeat":"repeat","background-position":"center center","background-size":"auto","background-attachment":"scroll","background-type":"","background-media":"","overlay-type":"","overlay-color":"","overlay-opacity":"","overlay-gradient":""},"mobile":{"background-color":"","background-image":"","background-repeat":"repeat","background-position":"center center","background-size":"auto","background-attachment":"scroll","background-type":"","background-media":"","overlay-type":"","overlay-color":"","overlay-opacity":"","overlay-gradient":""}},"ast-content-background-meta":{"desktop":{"background-color":"var(--ast-global-color-5)","background-image":"","background-repeat":"repeat","background-position":"center center","background-size":"auto","background-attachment":"scroll","background-type":"","background-media":"","overlay-type":"","overlay-color":"","overlay-opacity":"","overlay-gradient":""},"tablet":{"background-color":"var(--ast-global-color-5)","background-image":"","background-repeat":"repeat","background-position":"center center","background-size":"auto","background-attachment":"scroll","background-type":"","background-media":"","overlay-type":"","overlay-color":"","overlay-opacity":"","overlay-gradient":""},"mobile":{"background-color":"var(--ast-global-color-5)","background-image":"","background-repeat":"repeat","background-position":"center center","background-size":"auto","background-attachment":"scroll","background-type":"","background-media":"","overlay-type":"","overlay-color":"","overlay-opacity":"","overlay-gradient":""}},"ngg_post_thumbnail":0,"footnotes":""},"class_list":["post-1078","page","type-page","status-publish","hentry"],"_links":{"self":[{"href":"https:\/\/www.villa-ritter.ch\/index.php?rest_route=\/wp\/v2\/pages\/1078","targetHints":{"allow":["GET"]}}],"collection":[{"href":"https:\/\/www.villa-ritter.ch\/index.php?rest_route=\/wp\/v2\/pages"}],"about":[{"href":"https:\/\/www.villa-ritter.ch\/index.php?rest_route=\/wp\/v2\/types\/page"}],"author":[{"embeddable":true,"href":"https:\/\/www.villa-ritter.ch\/index.php?rest_route=\/wp\/v2\/users\/1"}],"replies":[{"embeddable":true,"href":"https:\/\/www.villa-ritter.ch\/index.php?rest_route=%2Fwp%2Fv2%2Fcomments&post=1078"}],"version-history":[{"count":80,"href":"https:\/\/www.villa-ritter.ch\/index.php?rest_route=\/wp\/v2\/pages\/1078\/revisions"}],"predecessor-version":[{"id":4217,"href":"https:\/\/www.villa-ritter.ch\/index.php?rest_route=\/wp\/v2\/pages\/1078\/revisions\/4217"}],"up":[{"embeddable":true,"href":"https:\/\/www.villa-ritter.ch\/index.php?rest_route=\/wp\/v2\/pages\/1121"}],"wp:attachment":[{"href":"https:\/\/www.villa-ritter.ch\/index.php?rest_route=%2Fwp%2Fv2%2Fmedia&parent=1078"}],"curies":[{"name":"wp","href":"https:\/\/api.w.org\/{rel}","templated":true}]}}