{"id":18,"date":"2014-02-25T10:55:59","date_gmt":"2014-02-25T09:55:59","guid":{"rendered":"http:\/\/www.villa-ritter.ch\/blog\/?page_id=18"},"modified":"2023-09-12T10:26:54","modified_gmt":"2023-09-12T09:26:54","slug":"la-carte-de-membre","status":"publish","type":"page","link":"https:\/\/www.villa-ritter.ch\/?page_id=18","title":{"rendered":"La carte de membre"},"content":{"rendered":"\t\t<div data-elementor-type=\"wp-page\" data-elementor-id=\"18\" class=\"elementor elementor-18\">\n\t\t\t\t\t\t<section class=\"elementor-section elementor-top-section elementor-element elementor-element-c2ba608 elementor-section-boxed elementor-section-height-default elementor-section-height-default\" data-id=\"c2ba608\" data-element_type=\"section\" data-e-type=\"section\">\n\t\t\t\t\t\t<div class=\"elementor-container elementor-column-gap-default\">\n\t\t\t\t\t<div class=\"elementor-column elementor-col-33 elementor-top-column elementor-element elementor-element-03284e3\" data-id=\"03284e3\" data-element_type=\"column\" data-e-type=\"column\">\n\t\t\t<div class=\"elementor-widget-wrap elementor-element-populated\">\n\t\t\t\t\t\t<div class=\"elementor-element elementor-element-1e477e9 elementor-widget elementor-widget-image\" data-id=\"1e477e9\" data-element_type=\"widget\" data-e-type=\"widget\" data-widget_type=\"image.default\">\n\t\t\t\t<div class=\"elementor-widget-container\">\n\t\t\t\t\t\t\t\t\t\t\t\t\t\t\t<img fetchpriority=\"high\" decoding=\"async\" width=\"994\" height=\"637\" src=\"https:\/\/www.villa-ritter.ch\/wp-content\/uploads\/exemplecarte.jpg\" class=\"attachment-large size-large wp-image-3269\" alt=\"\" srcset=\"https:\/\/www.villa-ritter.ch\/wp-content\/uploads\/exemplecarte.jpg 994w, https:\/\/www.villa-ritter.ch\/wp-content\/uploads\/exemplecarte-300x192.jpg 300w, https:\/\/www.villa-ritter.ch\/wp-content\/uploads\/exemplecarte-768x492.jpg 768w, https:\/\/www.villa-ritter.ch\/wp-content\/uploads\/exemplecarte-600x385.jpg 600w\" sizes=\"(max-width: 994px) 100vw, 994px\" \/>\t\t\t\t\t\t\t\t\t\t\t\t\t\t\t<\/div>\n\t\t\t\t<\/div>\n\t\t\t\t\t<\/div>\n\t\t<\/div>\n\t\t\t\t<div class=\"elementor-column elementor-col-66 elementor-top-column elementor-element elementor-element-fcbda6c\" data-id=\"fcbda6c\" data-element_type=\"column\" data-e-type=\"column\">\n\t\t\t<div class=\"elementor-widget-wrap elementor-element-populated\">\n\t\t\t\t\t\t<div class=\"elementor-element elementor-element-0db7d32 elementor-widget elementor-widget-text-editor\" data-id=\"0db7d32\" data-element_type=\"widget\" data-e-type=\"widget\" data-widget_type=\"text-editor.default\">\n\t\t\t\t<div class=\"elementor-widget-container\">\n\t\t\t\t\t\t\t\t\t<p style=\"text-align: left;\">Tous les jeunes qui fr\u00e9quentent la Villa Ritter ont une carte de membre.<\/p>\n<p style=\"text-align: left;\">La cr\u00e9ation de la carte permet aux animateurs\u00b7trices de t\u2019introduire \u00e0 la maison et \u00e0 ses r\u00e8gles de vie. C&rsquo;est-\u00e0-dire expliquer ce que tu peux faire et ne pas faire, pr\u00e9senter les adultes qui travaillent l\u00e0, ses horaires, ses salles, ses activit\u00e9s, etc.<\/p>\n<p style=\"text-align: left;\">La carte de membre symbolise ton adh\u00e9sion \u00e0 la Villa Ritter et \u00e0 son fonctionnement.<\/p>\n<p style=\"text-align: left;\">Tu dois toujours avoir ta carte pour venir \u00e0 la Villa Ritter car c\u2019est en \u00e9change de celle-ci que tu peux emprunter une raquette de ping-pong, une cl\u00e9 pour une salle et ainsi de suite. Cet \u00e9change &#8211; mat\u00e9riel contre carte de membre &#8211; repr\u00e9sente une confiance r\u00e9ciproque et une preuve de responsabilit\u00e9 de ta part.<\/p>\n<p style=\"text-align: left;\">Cette carte sert de garantie : plut\u00f4t que de payer pour les activit\u00e9s que tu souhaites pratiquer il suffit de nous confier ta carte. C\u2019est donc la raison pour laquelle il est important de ne pas l\u2019oublier !<\/p>\n<p style=\"text-align: left;\">Par la m\u00eame occasion elle nous permet de mieux te conna\u00eetre et d\u2019avoir tes coordonn\u00e9es au cas o\u00f9.<\/p>\n<p style=\"text-align: left;\">La carte est bien entendu&nbsp;<strong>gratuite<\/strong>.<\/p>\n<p><\/p>\t\t\t\t\t\t\t\t<\/div>\n\t\t\t\t<\/div>\n\t\t\t\t\t<\/div>\n\t\t<\/div>\n\t\t\t\t\t<\/div>\n\t\t<\/section>\n\t\t\t\t<\/div>\n\t\t","protected":false},"excerpt":{"rendered":"<p>Tous les jeunes qui fr\u00e9quentent la Villa Ritter ont une carte de membre. La cr\u00e9ation de la carte permet aux animateurs\u00b7trices de t\u2019introduire \u00e0 la maison et \u00e0 ses r\u00e8gles de vie. C&rsquo;est-\u00e0-dire expliquer ce que tu peux faire et ne pas faire, pr\u00e9senter les adultes qui travaillent l\u00e0, ses horaires, ses salles, ses activit\u00e9s, [&hellip;]<\/p>\n","protected":false},"author":1,"featured_media":0,"parent":7,"menu_order":3,"comment_status":"closed","ping_status":"closed","template":"","meta":{"site-sidebar-layout":"default","site-content-layout":"","ast-site-content-layout":"default","site-content-style":"default","site-sidebar-style":"default","ast-global-header-display":"","ast-banner-title-visibility":"","ast-main-header-display":"","ast-hfb-above-header-display":"","ast-hfb-below-header-display":"","ast-hfb-mobile-header-display":"","site-post-title":"","ast-breadcrumbs-content":"","ast-featured-img":"","footer-sml-layout":"","ast-disable-related-posts":"","theme-transparent-header-meta":"","adv-header-id-meta":"","stick-header-meta":"","header-above-stick-meta":"","header-main-stick-meta":"","header-below-stick-meta":"","astra-migrate-meta-layouts":"default","ast-page-background-enabled":"default","ast-page-background-meta":{"desktop":{"background-color":"","background-image":"","background-repeat":"repeat","background-position":"center center","background-size":"auto","background-attachment":"scroll","background-type":"","background-media":"","overlay-type":"","overlay-color":"","overlay-opacity":"","overlay-gradient":""},"tablet":{"background-color":"","background-image":"","background-repeat":"repeat","background-position":"center center","background-size":"auto","background-attachment":"scroll","background-type":"","background-media":"","overlay-type":"","overlay-color":"","overlay-opacity":"","overlay-gradient":""},"mobile":{"background-color":"","background-image":"","background-repeat":"repeat","background-position":"center center","background-size":"auto","background-attachment":"scroll","background-type":"","background-media":"","overlay-type":"","overlay-color":"","overlay-opacity":"","overlay-gradient":""}},"ast-content-background-meta":{"desktop":{"background-color":"var(--ast-global-color-5)","background-image":"","background-repeat":"repeat","background-position":"center center","background-size":"auto","background-attachment":"scroll","background-type":"","background-media":"","overlay-type":"","overlay-color":"","overlay-opacity":"","overlay-gradient":""},"tablet":{"background-color":"var(--ast-global-color-5)","background-image":"","background-repeat":"repeat","background-position":"center center","background-size":"auto","background-attachment":"scroll","background-type":"","background-media":"","overlay-type":"","overlay-color":"","overlay-opacity":"","overlay-gradient":""},"mobile":{"background-color":"var(--ast-global-color-5)","background-image":"","background-repeat":"repeat","background-position":"center center","background-size":"auto","background-attachment":"scroll","background-type":"","background-media":"","overlay-type":"","overlay-color":"","overlay-opacity":"","overlay-gradient":""}},"ngg_post_thumbnail":0,"footnotes":""},"class_list":["post-18","page","type-page","status-publish","hentry"],"_links":{"self":[{"href":"https:\/\/www.villa-ritter.ch\/index.php?rest_route=\/wp\/v2\/pages\/18","targetHints":{"allow":["GET"]}}],"collection":[{"href":"https:\/\/www.villa-ritter.ch\/index.php?rest_route=\/wp\/v2\/pages"}],"about":[{"href":"https:\/\/www.villa-ritter.ch\/index.php?rest_route=\/wp\/v2\/types\/page"}],"author":[{"embeddable":true,"href":"https:\/\/www.villa-ritter.ch\/index.php?rest_route=\/wp\/v2\/users\/1"}],"replies":[{"embeddable":true,"href":"https:\/\/www.villa-ritter.ch\/index.php?rest_route=%2Fwp%2Fv2%2Fcomments&post=18"}],"version-history":[{"count":21,"href":"https:\/\/www.villa-ritter.ch\/index.php?rest_route=\/wp\/v2\/pages\/18\/revisions"}],"predecessor-version":[{"id":4166,"href":"https:\/\/www.villa-ritter.ch\/index.php?rest_route=\/wp\/v2\/pages\/18\/revisions\/4166"}],"up":[{"embeddable":true,"href":"https:\/\/www.villa-ritter.ch\/index.php?rest_route=\/wp\/v2\/pages\/7"}],"wp:attachment":[{"href":"https:\/\/www.villa-ritter.ch\/index.php?rest_route=%2Fwp%2Fv2%2Fmedia&parent=18"}],"curies":[{"name":"wp","href":"https:\/\/api.w.org\/{rel}","templated":true}]}}