{"id":20,"date":"2014-02-25T10:56:58","date_gmt":"2014-02-25T09:56:58","guid":{"rendered":"http:\/\/www.villa-ritter.ch\/blog\/?page_id=20"},"modified":"2022-03-23T21:58:53","modified_gmt":"2022-03-23T20:58:53","slug":"les-activites","status":"publish","type":"page","link":"https:\/\/www.villa-ritter.ch\/?page_id=20","title":{"rendered":"Les activit\u00e9s"},"content":{"rendered":"\t\t<div data-elementor-type=\"wp-page\" data-elementor-id=\"20\" class=\"elementor elementor-20\">\n\t\t\t\t\t\t<section class=\"elementor-section elementor-top-section elementor-element elementor-element-3295eb5 elementor-section-boxed elementor-section-height-default elementor-section-height-default\" data-id=\"3295eb5\" data-element_type=\"section\" data-e-type=\"section\">\n\t\t\t\t\t\t<div class=\"elementor-container elementor-column-gap-default\">\n\t\t\t\t\t<div class=\"elementor-column elementor-col-50 elementor-top-column elementor-element elementor-element-e341b18\" data-id=\"e341b18\" data-element_type=\"column\" data-e-type=\"column\">\n\t\t\t<div class=\"elementor-widget-wrap elementor-element-populated\">\n\t\t\t\t\t\t<div class=\"elementor-element elementor-element-1cc4297 elementor-widget elementor-widget-text-editor\" data-id=\"1cc4297\" data-element_type=\"widget\" data-e-type=\"widget\" data-widget_type=\"text-editor.default\">\n\t\t\t\t<div class=\"elementor-widget-container\">\n\t\t\t\t\t\t\t\t\t<p style=\"text-align: right;\">En plus des activit\u00e9s \u00ab\u00a0permanentes\u00a0\u00bb dans le cadre de l&rsquo;accueil libre telles que ping-pong, salles de danse, discussions, la Villa organise aussi des activit\u00e9s particuli\u00e8res.<\/p><h3 style=\"text-align: right;\">VACANCES<\/h3><p style=\"text-align: right;\">Durant les vacances de printemps et d&rsquo;automne, chaque jour s&rsquo;organise une activit\u00e9 particuli\u00e8re : tournois en tout genre, ateliers de cuisine, soupers, sorties, etc. Nous \u00e9tablissons en temps voulu un programme disponible \u00e0 la page d&rsquo;<a title=\"Accueil\" href=\"https:\/\/www.villa-ritter.ch\/blog\/\">accueil<\/a> ainsi que sur Instagram (@VillaBNC).<\/p><p style=\"text-align: right;\">Durant les vacances d&rsquo;\u00e9t\u00e9 nous organisons parfois un camp. Espagne, Italie, France.<\/p><p>\u00a0<\/p>\t\t\t\t\t\t\t\t<\/div>\n\t\t\t\t<\/div>\n\t\t\t\t\t<\/div>\n\t\t<\/div>\n\t\t\t\t<div class=\"elementor-column elementor-col-50 elementor-top-column elementor-element elementor-element-8429ef7\" data-id=\"8429ef7\" data-element_type=\"column\" data-e-type=\"column\">\n\t\t\t<div class=\"elementor-widget-wrap elementor-element-populated\">\n\t\t\t\t\t\t<div class=\"elementor-element elementor-element-375eddb elementor-widget elementor-widget-image-gallery\" data-id=\"375eddb\" data-element_type=\"widget\" data-e-type=\"widget\" data-widget_type=\"image-gallery.default\">\n\t\t\t\t<div class=\"elementor-widget-container\">\n\t\t\t\t\t\t\t<div class=\"elementor-image-gallery\">\n\t\t\t<div id='gallery-1' class='gallery galleryid-20 gallery-columns-2 gallery-size-shop_catalog'><figure class='gallery-item'>\n\t\t\t<div class='gallery-icon landscape'>\n\t\t\t\t<a data-elementor-open-lightbox=\"yes\" data-elementor-lightbox-slideshow=\"375eddb\" data-elementor-lightbox-title=\"IMG-20150812-WA0017\" data-e-action-hash=\"#elementor-action%3Aaction%3Dlightbox%26settings%3DeyJpZCI6NjgzLCJ1cmwiOiJodHRwczpcL1wvd3d3LnZpbGxhLXJpdHRlci5jaFwvd3AtY29udGVudFwvdXBsb2Fkc1wvSU1HLTIwMTUwODEyLVdBMDAxNzEuanBnIiwic2xpZGVzaG93IjoiMzc1ZWRkYiJ9\" href='https:\/\/www.villa-ritter.ch\/wp-content\/uploads\/IMG-20150812-WA00171.jpg'><img fetchpriority=\"high\" decoding=\"async\" width=\"750\" height=\"750\" src=\"https:\/\/www.villa-ritter.ch\/wp-content\/uploads\/IMG-20150812-WA00171.jpg\" class=\"attachment-shop_catalog size-shop_catalog\" alt=\"\" srcset=\"https:\/\/www.villa-ritter.ch\/wp-content\/uploads\/IMG-20150812-WA00171.jpg 750w, https:\/\/www.villa-ritter.ch\/wp-content\/uploads\/IMG-20150812-WA00171-300x300.jpg 300w, https:\/\/www.villa-ritter.ch\/wp-content\/uploads\/IMG-20150812-WA00171-100x100.jpg 100w, https:\/\/www.villa-ritter.ch\/wp-content\/uploads\/IMG-20150812-WA00171-600x600.jpg 600w\" sizes=\"(max-width: 750px) 100vw, 750px\" \/><\/a>\n\t\t\t<\/div><\/figure><figure class='gallery-item'>\n\t\t\t<div class='gallery-icon landscape'>\n\t\t\t\t<a data-elementor-open-lightbox=\"yes\" data-elementor-lightbox-slideshow=\"375eddb\" data-elementor-lightbox-title=\"IMG-20150812-WA0001\" data-e-action-hash=\"#elementor-action%3Aaction%3Dlightbox%26settings%3DeyJpZCI6NjgyLCJ1cmwiOiJodHRwczpcL1wvd3d3LnZpbGxhLXJpdHRlci5jaFwvd3AtY29udGVudFwvdXBsb2Fkc1wvSU1HLTIwMTUwODEyLVdBMDAwMS5qcGciLCJzbGlkZXNob3ciOiIzNzVlZGRiIn0%3D\" href='https:\/\/www.villa-ritter.ch\/wp-content\/uploads\/IMG-20150812-WA0001.jpg'><img decoding=\"async\" width=\"1600\" height=\"1600\" src=\"https:\/\/www.villa-ritter.ch\/wp-content\/uploads\/IMG-20150812-WA0001.jpg\" class=\"attachment-shop_catalog size-shop_catalog\" alt=\"\" srcset=\"https:\/\/www.villa-ritter.ch\/wp-content\/uploads\/IMG-20150812-WA0001.jpg 1600w, https:\/\/www.villa-ritter.ch\/wp-content\/uploads\/IMG-20150812-WA0001-300x300.jpg 300w, https:\/\/www.villa-ritter.ch\/wp-content\/uploads\/IMG-20150812-WA0001-100x100.jpg 100w, https:\/\/www.villa-ritter.ch\/wp-content\/uploads\/IMG-20150812-WA0001-600x600.jpg 600w\" sizes=\"(max-width: 1600px) 100vw, 1600px\" \/><\/a>\n\t\t\t<\/div><\/figure><figure class='gallery-item'>\n\t\t\t<div class='gallery-icon landscape'>\n\t\t\t\t<a data-elementor-open-lightbox=\"yes\" data-elementor-lightbox-slideshow=\"375eddb\" data-elementor-lightbox-title=\"en route\" data-e-action-hash=\"#elementor-action%3Aaction%3Dlightbox%26settings%3DeyJpZCI6Njc0LCJ1cmwiOiJodHRwczpcL1wvd3d3LnZpbGxhLXJpdHRlci5jaFwvd3AtY29udGVudFwvdXBsb2Fkc1wvSU1HLTIwMTUwNzE5LVdBMDA0MS5qcGciLCJzbGlkZXNob3ciOiIzNzVlZGRiIn0%3D\" href='https:\/\/www.villa-ritter.ch\/wp-content\/uploads\/IMG-20150719-WA0041.jpg'><img decoding=\"async\" width=\"300\" height=\"300\" src=\"https:\/\/www.villa-ritter.ch\/wp-content\/uploads\/IMG-20150719-WA0041-300x300.jpg\" class=\"attachment-shop_catalog size-shop_catalog\" alt=\"\" srcset=\"https:\/\/www.villa-ritter.ch\/wp-content\/uploads\/IMG-20150719-WA0041-300x300.jpg 300w, https:\/\/www.villa-ritter.ch\/wp-content\/uploads\/IMG-20150719-WA0041-100x100.jpg 100w\" sizes=\"(max-width: 300px) 100vw, 300px\" \/><\/a>\n\t\t\t<\/div><\/figure><figure class='gallery-item'>\n\t\t\t<div class='gallery-icon landscape'>\n\t\t\t\t<a data-elementor-open-lightbox=\"yes\" data-elementor-lightbox-slideshow=\"375eddb\" data-elementor-lightbox-title=\"la Petite\" data-e-action-hash=\"#elementor-action%3Aaction%3Dlightbox%26settings%3DeyJpZCI6NjcyLCJ1cmwiOiJodHRwczpcL1wvd3d3LnZpbGxhLXJpdHRlci5jaFwvd3AtY29udGVudFwvdXBsb2Fkc1wvSU1HLTIwMTUwNzE5LVdBMDAyNi5qcGciLCJzbGlkZXNob3ciOiIzNzVlZGRiIn0%3D\" href='https:\/\/www.villa-ritter.ch\/wp-content\/uploads\/IMG-20150719-WA0026.jpg'><img loading=\"lazy\" decoding=\"async\" width=\"300\" height=\"300\" src=\"https:\/\/www.villa-ritter.ch\/wp-content\/uploads\/IMG-20150719-WA0026-300x300.jpg\" class=\"attachment-shop_catalog size-shop_catalog\" alt=\"\" srcset=\"https:\/\/www.villa-ritter.ch\/wp-content\/uploads\/IMG-20150719-WA0026-300x300.jpg 300w, https:\/\/www.villa-ritter.ch\/wp-content\/uploads\/IMG-20150719-WA0026-100x100.jpg 100w\" sizes=\"(max-width: 300px) 100vw, 300px\" \/><\/a>\n\t\t\t<\/div><\/figure><figure class='gallery-item'>\n\t\t\t<div class='gallery-icon landscape'>\n\t\t\t\t<a data-elementor-open-lightbox=\"yes\" data-elementor-lightbox-slideshow=\"375eddb\" data-elementor-lightbox-title=\"Espagne 2015\" data-e-action-hash=\"#elementor-action%3Aaction%3Dlightbox%26settings%3DeyJpZCI6NjYyLCJ1cmwiOiJodHRwczpcL1wvd3d3LnZpbGxhLXJpdHRlci5jaFwvd3AtY29udGVudFwvdXBsb2Fkc1wvSU1HXzM4NDEtc2NhbGVkLmpwZyIsInNsaWRlc2hvdyI6IjM3NWVkZGIifQ%3D%3D\" href='https:\/\/www.villa-ritter.ch\/wp-content\/uploads\/IMG_3841-scaled.jpg'><img loading=\"lazy\" decoding=\"async\" width=\"300\" height=\"300\" src=\"https:\/\/www.villa-ritter.ch\/wp-content\/uploads\/IMG_3841-scaled-300x300.jpg\" class=\"attachment-shop_catalog size-shop_catalog\" alt=\"\" srcset=\"https:\/\/www.villa-ritter.ch\/wp-content\/uploads\/IMG_3841-scaled-300x300.jpg 300w, https:\/\/www.villa-ritter.ch\/wp-content\/uploads\/IMG_3841-100x100.jpg 100w\" sizes=\"(max-width: 300px) 100vw, 300px\" \/><\/a>\n\t\t\t<\/div><\/figure><figure class='gallery-item'>\n\t\t\t<div class='gallery-icon landscape'>\n\t\t\t\t<a data-elementor-open-lightbox=\"yes\" data-elementor-lightbox-slideshow=\"375eddb\" data-elementor-lightbox-title=\"Plage\" data-e-action-hash=\"#elementor-action%3Aaction%3Dlightbox%26settings%3DeyJpZCI6NjY0LCJ1cmwiOiJodHRwczpcL1wvd3d3LnZpbGxhLXJpdHRlci5jaFwvd3AtY29udGVudFwvdXBsb2Fkc1wvSU1HLTIwMTUwNzE5LVdBMDAwMy5qcGciLCJzbGlkZXNob3ciOiIzNzVlZGRiIn0%3D\" href='https:\/\/www.villa-ritter.ch\/wp-content\/uploads\/IMG-20150719-WA0003.jpg'><img loading=\"lazy\" decoding=\"async\" width=\"300\" height=\"300\" src=\"https:\/\/www.villa-ritter.ch\/wp-content\/uploads\/IMG-20150719-WA0003-300x300.jpg\" class=\"attachment-shop_catalog size-shop_catalog\" alt=\"\" srcset=\"https:\/\/www.villa-ritter.ch\/wp-content\/uploads\/IMG-20150719-WA0003-300x300.jpg 300w, https:\/\/www.villa-ritter.ch\/wp-content\/uploads\/IMG-20150719-WA0003-100x100.jpg 100w\" sizes=\"(max-width: 300px) 100vw, 300px\" \/><\/a>\n\t\t\t<\/div><\/figure>\n\t\t<\/div>\n\t\t<\/div>\n\t\t\t\t\t\t<\/div>\n\t\t\t\t<\/div>\n\t\t\t\t\t<\/div>\n\t\t<\/div>\n\t\t\t\t\t<\/div>\n\t\t<\/section>\n\t\t\t\t<section class=\"elementor-section elementor-top-section elementor-element elementor-element-44a85a8 elementor-section-boxed elementor-section-height-default elementor-section-height-default\" data-id=\"44a85a8\" data-element_type=\"section\" data-e-type=\"section\">\n\t\t\t\t\t\t<div class=\"elementor-container elementor-column-gap-default\">\n\t\t\t\t\t<div class=\"elementor-column elementor-col-50 elementor-top-column elementor-element elementor-element-11db4d0\" data-id=\"11db4d0\" data-element_type=\"column\" data-e-type=\"column\">\n\t\t\t<div class=\"elementor-widget-wrap elementor-element-populated\">\n\t\t\t\t\t\t<div class=\"elementor-element elementor-element-faa4859 elementor-arrows-position-inside elementor-pagination-position-outside elementor-widget elementor-widget-image-carousel\" data-id=\"faa4859\" data-element_type=\"widget\" data-e-type=\"widget\" data-settings=\"{&quot;slides_to_show&quot;:&quot;1&quot;,&quot;navigation&quot;:&quot;both&quot;,&quot;autoplay&quot;:&quot;yes&quot;,&quot;pause_on_hover&quot;:&quot;yes&quot;,&quot;pause_on_interaction&quot;:&quot;yes&quot;,&quot;autoplay_speed&quot;:5000,&quot;infinite&quot;:&quot;yes&quot;,&quot;effect&quot;:&quot;slide&quot;,&quot;speed&quot;:500}\" data-widget_type=\"image-carousel.default\">\n\t\t\t\t<div class=\"elementor-widget-container\">\n\t\t\t\t\t\t\t<div class=\"elementor-image-carousel-wrapper swiper\" role=\"region\" aria-roledescription=\"carousel\" aria-label=\"Carrousel d\u2019images\" dir=\"ltr\">\n\t\t\t<div class=\"elementor-image-carousel swiper-wrapper\" aria-live=\"off\">\n\t\t\t\t\t\t\t\t<div class=\"swiper-slide\" role=\"group\" aria-roledescription=\"slide\" aria-label=\"1 of 4\"><figure class=\"swiper-slide-inner\"><img decoding=\"async\" class=\"swiper-slide-image\" src=\"https:\/\/www.villa-ritter.ch\/wp-content\/uploads\/topchef-4-300x300.jpg\" alt=\"topchef-4\" \/><\/figure><\/div><div class=\"swiper-slide\" role=\"group\" aria-roledescription=\"slide\" aria-label=\"2 of 4\"><figure class=\"swiper-slide-inner\"><img decoding=\"async\" class=\"swiper-slide-image\" src=\"https:\/\/www.villa-ritter.ch\/wp-content\/uploads\/DSC02551-Medium-300x300.jpeg\" alt=\"DSC02551 Medium\" \/><\/figure><\/div><div class=\"swiper-slide\" role=\"group\" aria-roledescription=\"slide\" aria-label=\"3 of 4\"><figure class=\"swiper-slide-inner\"><img decoding=\"async\" class=\"swiper-slide-image\" src=\"https:\/\/www.villa-ritter.ch\/wp-content\/uploads\/DSC02562-Medium-300x300.jpeg\" alt=\"DSC02562 Medium\" \/><\/figure><\/div><div class=\"swiper-slide\" role=\"group\" aria-roledescription=\"slide\" aria-label=\"4 of 4\"><figure class=\"swiper-slide-inner\"><img decoding=\"async\" class=\"swiper-slide-image\" src=\"https:\/\/www.villa-ritter.ch\/wp-content\/uploads\/DSC02565-Medium-300x300.jpeg\" alt=\"DSC02565 Medium\" \/><\/figure><\/div>\t\t\t<\/div>\n\t\t\t\t\t\t\t\t\t\t\t\t<div class=\"elementor-swiper-button elementor-swiper-button-prev\" role=\"button\" tabindex=\"0\">\n\t\t\t\t\t\t<i aria-hidden=\"true\" class=\"eicon-chevron-left\"><\/i>\t\t\t\t\t<\/div>\n\t\t\t\t\t<div class=\"elementor-swiper-button elementor-swiper-button-next\" role=\"button\" tabindex=\"0\">\n\t\t\t\t\t\t<i aria-hidden=\"true\" class=\"eicon-chevron-right\"><\/i>\t\t\t\t\t<\/div>\n\t\t\t\t\n\t\t\t\t\t\t\t\t\t<div class=\"swiper-pagination\"><\/div>\n\t\t\t\t\t\t\t\t\t<\/div>\n\t\t\t\t\t\t<\/div>\n\t\t\t\t<\/div>\n\t\t\t\t\t<\/div>\n\t\t<\/div>\n\t\t\t\t<div class=\"elementor-column elementor-col-50 elementor-top-column elementor-element elementor-element-26691ca\" data-id=\"26691ca\" data-element_type=\"column\" data-e-type=\"column\">\n\t\t\t<div class=\"elementor-widget-wrap elementor-element-populated\">\n\t\t\t\t\t\t<div class=\"elementor-element elementor-element-bef2d6b elementor-widget elementor-widget-text-editor\" data-id=\"bef2d6b\" data-element_type=\"widget\" data-e-type=\"widget\" data-widget_type=\"text-editor.default\">\n\t\t\t\t<div class=\"elementor-widget-container\">\n\t\t\t\t\t\t\t\t\t<h3>TOP CHEF<\/h3><p>Super activit\u00e9 avec 3 cuisiniers professionnels qui sont venus coacher des jeunes.<\/p><p>Ce repas, c&rsquo;\u00e9tait de la balle!<\/p>\t\t\t\t\t\t\t\t<\/div>\n\t\t\t\t<\/div>\n\t\t\t\t\t<\/div>\n\t\t<\/div>\n\t\t\t\t\t<\/div>\n\t\t<\/section>\n\t\t\t\t<section class=\"elementor-section elementor-top-section elementor-element elementor-element-8e05899 elementor-section-boxed elementor-section-height-default elementor-section-height-default\" data-id=\"8e05899\" data-element_type=\"section\" data-e-type=\"section\">\n\t\t\t\t\t\t<div class=\"elementor-container elementor-column-gap-default\">\n\t\t\t\t\t<div class=\"elementor-column elementor-col-50 elementor-top-column elementor-element elementor-element-360084e\" data-id=\"360084e\" data-element_type=\"column\" data-e-type=\"column\">\n\t\t\t<div class=\"elementor-widget-wrap elementor-element-populated\">\n\t\t\t\t\t\t<div class=\"elementor-element elementor-element-c6ebae5 elementor-widget elementor-widget-text-editor\" data-id=\"c6ebae5\" data-element_type=\"widget\" data-e-type=\"widget\" data-widget_type=\"text-editor.default\">\n\t\t\t\t<div class=\"elementor-widget-container\">\n\t\t\t\t\t\t\t\t\t<h3 style=\"text-align: right;\">ACTION 72H<\/h3><p style=\"text-align: right;\">La Villa Ritter a particip\u00e9 \u00e0 l\u2019Action 72H vendredi 17 janvier 2020 en d\u00e9veloppant un projet autour de deux objectifs de l\u2019Agenda 2030 (strat\u00e9gie mondiale soutenue par les pays membre de l\u2019ONU). L\u2019\u00e9quipe de la Villa avec l\u2019aide de 5 ados ont pos\u00e9 un barrage pour retenir et retirer les d\u00e9chets du bras de la Suze qui passe dans le jardin de la Villa Ritter. Plusieurs centaines de bouteilles de vin, des dizaines de sacs remplis de bougies, de l&rsquo;huile ont notamment \u00e9t\u00e9 rep\u00each\u00e9s.<\/p><p style=\"text-align: right;\">Prenons soin de notre plan\u00e8te ! Plus d\u2019infos sur le site de l\u2019<a href=\"https:\/\/72h.ch\/detail-du-projet?tx_seventytwohours_piprojects%5Bproject%5D=210&amp;tx_seventytwohours_piprojects%5Baction%5D=detail&amp;tx_seventytwohours_piprojects%5Bcontroller%5D=Project&amp;cHash=49fba20a02947e72cc0a3079cd592117\">Action 72H<\/a>.<\/p>\t\t\t\t\t\t\t\t<\/div>\n\t\t\t\t<\/div>\n\t\t\t\t\t<\/div>\n\t\t<\/div>\n\t\t\t\t<div class=\"elementor-column elementor-col-50 elementor-top-column elementor-element elementor-element-53a0797\" data-id=\"53a0797\" data-element_type=\"column\" data-e-type=\"column\">\n\t\t\t<div class=\"elementor-widget-wrap elementor-element-populated\">\n\t\t\t\t\t\t<div class=\"elementor-element elementor-element-d0cf29d elementor-widget elementor-widget-video\" data-id=\"d0cf29d\" data-element_type=\"widget\" data-e-type=\"widget\" data-settings=\"{&quot;youtube_url&quot;:&quot;https:\\\/\\\/youtu.be\\\/pbsqPb4ce_Q&quot;,&quot;video_type&quot;:&quot;youtube&quot;,&quot;controls&quot;:&quot;yes&quot;}\" data-widget_type=\"video.default\">\n\t\t\t\t<div class=\"elementor-widget-container\">\n\t\t\t\t\t\t\t<div class=\"elementor-wrapper elementor-open-inline\">\n\t\t\t<div class=\"elementor-video\"><\/div>\t\t<\/div>\n\t\t\t\t\t\t<\/div>\n\t\t\t\t<\/div>\n\t\t\t\t\t<\/div>\n\t\t<\/div>\n\t\t\t\t\t<\/div>\n\t\t<\/section>\n\t\t\t\t<section class=\"elementor-section elementor-top-section elementor-element elementor-element-75bd0f7f elementor-section-boxed elementor-section-height-default elementor-section-height-default\" data-id=\"75bd0f7f\" data-element_type=\"section\" data-e-type=\"section\">\n\t\t\t\t\t\t<div class=\"elementor-container elementor-column-gap-default\">\n\t\t\t\t\t<div class=\"elementor-column elementor-col-100 elementor-top-column elementor-element elementor-element-4a2046e9\" data-id=\"4a2046e9\" data-element_type=\"column\" data-e-type=\"column\">\n\t\t\t<div class=\"elementor-widget-wrap elementor-element-populated\">\n\t\t\t\t\t\t<div class=\"elementor-element elementor-element-13f0fdd7 elementor-widget elementor-widget-text-editor\" data-id=\"13f0fdd7\" data-element_type=\"widget\" data-e-type=\"widget\" data-widget_type=\"text-editor.default\">\n\t\t\t\t<div class=\"elementor-widget-container\">\n\t\t\t\t\t\t\t\t\t<h3>SOLIDARITTER<\/h3><p>En 2019 a eu lieu la premi\u00e8re \u00e9dition de la SolidaRitter.<br \/>Une journ\u00e9e festive et agr\u00e9able \u00e0 un public plus large. Apr\u00e8s de longues discussions en \u00e9quipe, environ 10 mois de travail, le soutien de beaucoup de b\u00e9n\u00e9voles, etc. la \u00ab\u00a0SolidaRitter\u00a0\u00bb est n\u00e9e !<br \/>La f\u00eate fut belle ! Auditions de batterie, concerts, grillades, jeux en tout genre, magie et surtout : BONNE AMBIANCE ! Objectif atteint. \ud83d\ude42<br \/>Nous allons donc renouveler l&rsquo;exp\u00e9rience en 2021 (en 2020 par possible \u00e0 cause du coronavirus).<\/p>\t\t\t\t\t\t\t\t<\/div>\n\t\t\t\t<\/div>\n\t\t\t\t\t<\/div>\n\t\t<\/div>\n\t\t\t\t\t<\/div>\n\t\t<\/section>\n\t\t\t\t<\/div>\n\t\t","protected":false},"excerpt":{"rendered":"<p>En plus des activit\u00e9s \u00ab\u00a0permanentes\u00a0\u00bb dans le cadre de l&rsquo;accueil libre telles que ping-pong, salles de danse, discussions, la Villa organise aussi des activit\u00e9s particuli\u00e8res. VACANCES Durant les vacances de printemps et d&rsquo;automne, chaque jour s&rsquo;organise une activit\u00e9 particuli\u00e8re : tournois en tout genre, ateliers de cuisine, soupers, sorties, etc. Nous \u00e9tablissons en temps voulu [&hellip;]<\/p>\n","protected":false},"author":1,"featured_media":0,"parent":7,"menu_order":4,"comment_status":"closed","ping_status":"closed","template":"","meta":{"site-sidebar-layout":"default","site-content-layout":"","ast-site-content-layout":"default","site-content-style":"default","site-sidebar-style":"default","ast-global-header-display":"","ast-banner-title-visibility":"","ast-main-header-display":"","ast-hfb-above-header-display":"","ast-hfb-below-header-display":"","ast-hfb-mobile-header-display":"","site-post-title":"","ast-breadcrumbs-content":"","ast-featured-img":"","footer-sml-layout":"","ast-disable-related-posts":"","theme-transparent-header-meta":"","adv-header-id-meta":"","stick-header-meta":"","header-above-stick-meta":"","header-main-stick-meta":"","header-below-stick-meta":"","astra-migrate-meta-layouts":"default","ast-page-background-enabled":"default","ast-page-background-meta":{"desktop":{"background-color":"","background-image":"","background-repeat":"repeat","background-position":"center center","background-size":"auto","background-attachment":"scroll","background-type":"","background-media":"","overlay-type":"","overlay-color":"","overlay-opacity":"","overlay-gradient":""},"tablet":{"background-color":"","background-image":"","background-repeat":"repeat","background-position":"center center","background-size":"auto","background-attachment":"scroll","background-type":"","background-media":"","overlay-type":"","overlay-color":"","overlay-opacity":"","overlay-gradient":""},"mobile":{"background-color":"","background-image":"","background-repeat":"repeat","background-position":"center center","background-size":"auto","background-attachment":"scroll","background-type":"","background-media":"","overlay-type":"","overlay-color":"","overlay-opacity":"","overlay-gradient":""}},"ast-content-background-meta":{"desktop":{"background-color":"var(--ast-global-color-5)","background-image":"","background-repeat":"repeat","background-position":"center center","background-size":"auto","background-attachment":"scroll","background-type":"","background-media":"","overlay-type":"","overlay-color":"","overlay-opacity":"","overlay-gradient":""},"tablet":{"background-color":"var(--ast-global-color-5)","background-image":"","background-repeat":"repeat","background-position":"center center","background-size":"auto","background-attachment":"scroll","background-type":"","background-media":"","overlay-type":"","overlay-color":"","overlay-opacity":"","overlay-gradient":""},"mobile":{"background-color":"var(--ast-global-color-5)","background-image":"","background-repeat":"repeat","background-position":"center center","background-size":"auto","background-attachment":"scroll","background-type":"","background-media":"","overlay-type":"","overlay-color":"","overlay-opacity":"","overlay-gradient":""}},"ngg_post_thumbnail":0,"footnotes":""},"class_list":["post-20","page","type-page","status-publish","hentry"],"_links":{"self":[{"href":"https:\/\/www.villa-ritter.ch\/index.php?rest_route=\/wp\/v2\/pages\/20","targetHints":{"allow":["GET"]}}],"collection":[{"href":"https:\/\/www.villa-ritter.ch\/index.php?rest_route=\/wp\/v2\/pages"}],"about":[{"href":"https:\/\/www.villa-ritter.ch\/index.php?rest_route=\/wp\/v2\/types\/page"}],"author":[{"embeddable":true,"href":"https:\/\/www.villa-ritter.ch\/index.php?rest_route=\/wp\/v2\/users\/1"}],"replies":[{"embeddable":true,"href":"https:\/\/www.villa-ritter.ch\/index.php?rest_route=%2Fwp%2Fv2%2Fcomments&post=20"}],"version-history":[{"count":29,"href":"https:\/\/www.villa-ritter.ch\/index.php?rest_route=\/wp\/v2\/pages\/20\/revisions"}],"predecessor-version":[{"id":3716,"href":"https:\/\/www.villa-ritter.ch\/index.php?rest_route=\/wp\/v2\/pages\/20\/revisions\/3716"}],"up":[{"embeddable":true,"href":"https:\/\/www.villa-ritter.ch\/index.php?rest_route=\/wp\/v2\/pages\/7"}],"wp:attachment":[{"href":"https:\/\/www.villa-ritter.ch\/index.php?rest_route=%2Fwp%2Fv2%2Fmedia&parent=20"}],"curies":[{"name":"wp","href":"https:\/\/api.w.org\/{rel}","templated":true}]}}