{"id":29,"date":"2014-02-25T11:13:40","date_gmt":"2014-02-25T10:13:40","guid":{"rendered":"http:\/\/www.villa-ritter.ch\/blog\/?page_id=29"},"modified":"2023-09-12T10:40:59","modified_gmt":"2023-09-12T09:40:59","slug":"association","status":"publish","type":"page","link":"https:\/\/www.villa-ritter.ch\/?page_id=29","title":{"rendered":"L&rsquo;association Villa Ritter"},"content":{"rendered":"\t\t<div data-elementor-type=\"wp-page\" data-elementor-id=\"29\" class=\"elementor elementor-29\">\n\t\t\t\t\t\t<section class=\"elementor-section elementor-top-section elementor-element elementor-element-51576d4 elementor-section-boxed elementor-section-height-default elementor-section-height-default\" data-id=\"51576d4\" data-element_type=\"section\" data-e-type=\"section\">\n\t\t\t\t\t\t<div class=\"elementor-container elementor-column-gap-default\">\n\t\t\t\t\t<div class=\"elementor-column elementor-col-100 elementor-top-column elementor-element elementor-element-2435ca78\" data-id=\"2435ca78\" data-element_type=\"column\" data-e-type=\"column\">\n\t\t\t<div class=\"elementor-widget-wrap elementor-element-populated\">\n\t\t\t\t\t\t<div class=\"elementor-element elementor-element-46ebd333 elementor-widget elementor-widget-text-editor\" data-id=\"46ebd333\" data-element_type=\"widget\" data-e-type=\"widget\" data-widget_type=\"text-editor.default\">\n\t\t\t\t<div class=\"elementor-widget-container\">\n\t\t\t\t\t\t\t\t\t<p>L\u2019association Villa Ritter compte plus de 100 membres. Tout le monde peut faire partie de cette association. Pour ce faire il suffit de prendre\u00a0<a title=\"Contact\" href=\"https:\/\/www.villa-ritter.ch\/blog\/?page_id=68\">contact<\/a>\u00a0avec nous par t\u00e9l\u00e9phone ou par e-mail.<\/p>\n<p>Le comit\u00e9 de la Villa Ritter se compose de 7 membres\u00a0:<\/p>\n<ul>\n<li>Marie-Laure Krafft-Golay, pr\u00e9sidente<\/li>\n<li>Tomaso Baviera, vice-pr\u00e9sident<\/li>\n<li>Salvatore Sperti, repr\u00e9sentant de la paroisse catholique romaine<\/li>\n<li>Ali Sulejmani, repr\u00e9sentant de la ville de Bienne<\/li>\n<li>Laure Devaux Allisson, repr\u00e9sentante de la paroisse r\u00e9form\u00e9e<\/li>\n<li>Giovanni Esposito, membre assesseur<\/li>\n<li>Federico Leonardi, membre assesseur<\/li>\n<\/ul>\n<p>Secr\u00e9tariat et comptabilit\u00e9<\/p>\n<ul>\n<li>Dominique Benoit<\/li>\n<\/ul>\n<p><\/p>\n<p><\/p>\n<p><\/p>\n<p><\/p>\n<p><\/p>\n<p><\/p>\n<p><\/p>\n<p><\/p>\n<p><\/p>\n<p>V\u00e9rificateurs des comptes<\/p>\n<ul>\n<li>Marilina Galati<\/li>\n<li>Kim Guanter<\/li>\n<\/ul>\n<p><\/p>\t\t\t\t\t\t\t\t<\/div>\n\t\t\t\t<\/div>\n\t\t\t\t\t<\/div>\n\t\t<\/div>\n\t\t\t\t\t<\/div>\n\t\t<\/section>\n\t\t\t\t<\/div>\n\t\t","protected":false},"excerpt":{"rendered":"<p>L\u2019association Villa Ritter compte plus de 100 membres. Tout le monde peut faire partie de cette association. Pour ce faire il suffit de prendre\u00a0contact\u00a0avec nous par t\u00e9l\u00e9phone ou par e-mail. Le comit\u00e9 de la Villa Ritter se compose de 7 membres\u00a0: Marie-Laure Krafft-Golay, pr\u00e9sidente Tomaso Baviera, vice-pr\u00e9sident Salvatore Sperti, repr\u00e9sentant de la paroisse catholique romaine [&hellip;]<\/p>\n","protected":false},"author":1,"featured_media":0,"parent":25,"menu_order":2,"comment_status":"closed","ping_status":"closed","template":"","meta":{"site-sidebar-layout":"default","site-content-layout":"","ast-site-content-layout":"default","site-content-style":"default","site-sidebar-style":"default","ast-global-header-display":"","ast-banner-title-visibility":"","ast-main-header-display":"","ast-hfb-above-header-display":"","ast-hfb-below-header-display":"","ast-hfb-mobile-header-display":"","site-post-title":"","ast-breadcrumbs-content":"","ast-featured-img":"","footer-sml-layout":"","ast-disable-related-posts":"","theme-transparent-header-meta":"","adv-header-id-meta":"","stick-header-meta":"","header-above-stick-meta":"","header-main-stick-meta":"","header-below-stick-meta":"","astra-migrate-meta-layouts":"default","ast-page-background-enabled":"default","ast-page-background-meta":{"desktop":{"background-color":"","background-image":"","background-repeat":"repeat","background-position":"center center","background-size":"auto","background-attachment":"scroll","background-type":"","background-media":"","overlay-type":"","overlay-color":"","overlay-opacity":"","overlay-gradient":""},"tablet":{"background-color":"","background-image":"","background-repeat":"repeat","background-position":"center center","background-size":"auto","background-attachment":"scroll","background-type":"","background-media":"","overlay-type":"","overlay-color":"","overlay-opacity":"","overlay-gradient":""},"mobile":{"background-color":"","background-image":"","background-repeat":"repeat","background-position":"center center","background-size":"auto","background-attachment":"scroll","background-type":"","background-media":"","overlay-type":"","overlay-color":"","overlay-opacity":"","overlay-gradient":""}},"ast-content-background-meta":{"desktop":{"background-color":"var(--ast-global-color-5)","background-image":"","background-repeat":"repeat","background-position":"center center","background-size":"auto","background-attachment":"scroll","background-type":"","background-media":"","overlay-type":"","overlay-color":"","overlay-opacity":"","overlay-gradient":""},"tablet":{"background-color":"var(--ast-global-color-5)","background-image":"","background-repeat":"repeat","background-position":"center center","background-size":"auto","background-attachment":"scroll","background-type":"","background-media":"","overlay-type":"","overlay-color":"","overlay-opacity":"","overlay-gradient":""},"mobile":{"background-color":"var(--ast-global-color-5)","background-image":"","background-repeat":"repeat","background-position":"center center","background-size":"auto","background-attachment":"scroll","background-type":"","background-media":"","overlay-type":"","overlay-color":"","overlay-opacity":"","overlay-gradient":""}},"ngg_post_thumbnail":0,"footnotes":""},"class_list":["post-29","page","type-page","status-publish","hentry"],"_links":{"self":[{"href":"https:\/\/www.villa-ritter.ch\/index.php?rest_route=\/wp\/v2\/pages\/29","targetHints":{"allow":["GET"]}}],"collection":[{"href":"https:\/\/www.villa-ritter.ch\/index.php?rest_route=\/wp\/v2\/pages"}],"about":[{"href":"https:\/\/www.villa-ritter.ch\/index.php?rest_route=\/wp\/v2\/types\/page"}],"author":[{"embeddable":true,"href":"https:\/\/www.villa-ritter.ch\/index.php?rest_route=\/wp\/v2\/users\/1"}],"replies":[{"embeddable":true,"href":"https:\/\/www.villa-ritter.ch\/index.php?rest_route=%2Fwp%2Fv2%2Fcomments&post=29"}],"version-history":[{"count":52,"href":"https:\/\/www.villa-ritter.ch\/index.php?rest_route=\/wp\/v2\/pages\/29\/revisions"}],"predecessor-version":[{"id":4190,"href":"https:\/\/www.villa-ritter.ch\/index.php?rest_route=\/wp\/v2\/pages\/29\/revisions\/4190"}],"up":[{"embeddable":true,"href":"https:\/\/www.villa-ritter.ch\/index.php?rest_route=\/wp\/v2\/pages\/25"}],"wp:attachment":[{"href":"https:\/\/www.villa-ritter.ch\/index.php?rest_route=%2Fwp%2Fv2%2Fmedia&parent=29"}],"curies":[{"name":"wp","href":"https:\/\/api.w.org\/{rel}","templated":true}]}}