{"id":356,"date":"2014-05-02T21:49:38","date_gmt":"2014-05-02T20:49:38","guid":{"rendered":"http:\/\/www.villa-ritter.ch\/blog\/?page_id=356"},"modified":"2022-03-23T21:40:31","modified_gmt":"2022-03-23T20:40:31","slug":"die-villa-fur-die-jugend","status":"publish","type":"page","link":"https:\/\/www.villa-ritter.ch\/?page_id=356","title":{"rendered":"Die Villa f\u00fcr die Jugend"},"content":{"rendered":"\t\t<div data-elementor-type=\"wp-page\" data-elementor-id=\"356\" class=\"elementor elementor-356\">\n\t\t\t\t\t\t<section class=\"elementor-section elementor-top-section elementor-element elementor-element-3b4b4351 elementor-section-boxed elementor-section-height-default elementor-section-height-default\" data-id=\"3b4b4351\" data-element_type=\"section\" data-e-type=\"section\">\n\t\t\t\t\t\t<div class=\"elementor-container elementor-column-gap-default\">\n\t\t\t\t\t<div class=\"elementor-column elementor-col-50 elementor-top-column elementor-element elementor-element-285bd6b\" data-id=\"285bd6b\" data-element_type=\"column\" data-e-type=\"column\">\n\t\t\t<div class=\"elementor-widget-wrap elementor-element-populated\">\n\t\t\t\t\t\t<div class=\"elementor-element elementor-element-4c3c270f elementor-widget elementor-widget-image\" data-id=\"4c3c270f\" data-element_type=\"widget\" data-e-type=\"widget\" data-widget_type=\"image.default\">\n\t\t\t\t<div class=\"elementor-widget-container\">\n\t\t\t\t\t\t\t\t\t\t\t\t\t\t\t<img fetchpriority=\"high\" decoding=\"async\" width=\"282\" height=\"500\" src=\"https:\/\/www.villa-ritter.ch\/wp-content\/uploads\/porte3.jpg\" class=\"attachment-full size-full wp-image-3209\" alt=\"\" srcset=\"https:\/\/www.villa-ritter.ch\/wp-content\/uploads\/porte3.jpg 282w, https:\/\/www.villa-ritter.ch\/wp-content\/uploads\/porte3-169x300.jpg 169w\" sizes=\"(max-width: 282px) 100vw, 282px\" \/>\t\t\t\t\t\t\t\t\t\t\t\t\t\t\t<\/div>\n\t\t\t\t<\/div>\n\t\t\t\t\t<\/div>\n\t\t<\/div>\n\t\t\t\t<div class=\"elementor-column elementor-col-50 elementor-top-column elementor-element elementor-element-25ae282f\" data-id=\"25ae282f\" data-element_type=\"column\" data-e-type=\"column\">\n\t\t\t<div class=\"elementor-widget-wrap elementor-element-populated\">\n\t\t\t\t\t\t<div class=\"elementor-element elementor-element-7a7d5af0 elementor-drop-cap-yes elementor-drop-cap-view-default elementor-widget elementor-widget-text-editor\" data-id=\"7a7d5af0\" data-element_type=\"widget\" data-e-type=\"widget\" data-settings=\"{&quot;drop_cap&quot;:&quot;yes&quot;}\" data-widget_type=\"text-editor.default\">\n\t\t\t\t<div class=\"elementor-widget-container\">\n\t\t\t\t\t\t\t\t\t<p>Die Villa Ritter ist ein gro\u00dfes Haus, das viele Aktivit\u00e4ten f\u00fcr Jugendliche zwischen 13 und 18 Jahren anbietet. Du kannst in deiner Freizeit hierher kommen, allein oder mit deinen Freundinnen und Freunden. Der Zugang ist ganz einfach! Du musst nur unsere \u00d6ffnungszeiten beachten und dich an der Rezeption melden. Ein\/e Betreuer\/in, Praktikant\/in oder Zivildienstleistende\/r wird dich begr\u00fc\u00dfen und dir die Villa Ritter vorstellen. Anschlie\u00dfend stellen wir dir deine Mitgliedskarte aus.<\/p><p>In der Villa gibt es viele R\u00e4ume, in denen du tanzen, Musik machen oder dich im Mixen mit Plattenspielern \u00fcben kannst. Es gibt auch einen Spielraum mit einem Billardtisch, einer Tischtennisplatte und einem Tischfu\u00dfball. Nicht zu vergessen der Kinosaal mit einer PS4 auf einer gro\u00dfen Leinwand, der Garten und viele Sofas, auf denen du dich \u00ab\u00a0niederlassen\u00a0\u00bb und in Ruhe mit deinen Freunden diskutieren kannst.<\/p><p>Die Betreuer\/innen stehen dir auch zur Verf\u00fcgung, wenn du Hilfe beim Schreiben eines Lebenslaufs oder bei anderen Fragen oder Problemen ben\u00f6tigst. Wir k\u00f6nnen dir Ratschl\u00e4ge geben oder dich an andere Personen verweisen, um die besten L\u00f6sungen f\u00fcr deine Situation zu finden.<\/p><p>Wenn du Fragen hast, z\u00f6gere nicht, sie uns zu stellen. Wenn deine Eltern uns kennenlernen oder die Villa besichtigen m\u00f6chten, ist das kein Problem, sag ihnen einfach, dass sie uns anrufen sollen und wir machen einen Termin aus!<\/p>\t\t\t\t\t\t\t\t<\/div>\n\t\t\t\t<\/div>\n\t\t\t\t\t<\/div>\n\t\t<\/div>\n\t\t\t\t\t<\/div>\n\t\t<\/section>\n\t\t\t\t<\/div>\n\t\t","protected":false},"excerpt":{"rendered":"<p>Die Villa Ritter ist ein gro\u00dfes Haus, das viele Aktivit\u00e4ten f\u00fcr Jugendliche zwischen 13 und 18 Jahren anbietet. Du kannst in deiner Freizeit hierher kommen, allein oder mit deinen Freundinnen und Freunden. Der Zugang ist ganz einfach! Du musst nur unsere \u00d6ffnungszeiten beachten und dich an der Rezeption melden. Ein\/e Betreuer\/in, Praktikant\/in oder Zivildienstleistende\/r wird [&hellip;]<\/p>\n","protected":false},"author":1,"featured_media":0,"parent":0,"menu_order":2,"comment_status":"closed","ping_status":"closed","template":"","meta":{"site-sidebar-layout":"default","site-content-layout":"","ast-site-content-layout":"default","site-content-style":"default","site-sidebar-style":"default","ast-global-header-display":"","ast-banner-title-visibility":"","ast-main-header-display":"","ast-hfb-above-header-display":"","ast-hfb-below-header-display":"","ast-hfb-mobile-header-display":"","site-post-title":"","ast-breadcrumbs-content":"","ast-featured-img":"","footer-sml-layout":"","ast-disable-related-posts":"","theme-transparent-header-meta":"","adv-header-id-meta":"","stick-header-meta":"","header-above-stick-meta":"","header-main-stick-meta":"","header-below-stick-meta":"","astra-migrate-meta-layouts":"default","ast-page-background-enabled":"default","ast-page-background-meta":{"desktop":{"background-color":"","background-image":"","background-repeat":"repeat","background-position":"center center","background-size":"auto","background-attachment":"scroll","background-type":"","background-media":"","overlay-type":"","overlay-color":"","overlay-opacity":"","overlay-gradient":""},"tablet":{"background-color":"","background-image":"","background-repeat":"repeat","background-position":"center center","background-size":"auto","background-attachment":"scroll","background-type":"","background-media":"","overlay-type":"","overlay-color":"","overlay-opacity":"","overlay-gradient":""},"mobile":{"background-color":"","background-image":"","background-repeat":"repeat","background-position":"center center","background-size":"auto","background-attachment":"scroll","background-type":"","background-media":"","overlay-type":"","overlay-color":"","overlay-opacity":"","overlay-gradient":""}},"ast-content-background-meta":{"desktop":{"background-color":"var(--ast-global-color-5)","background-image":"","background-repeat":"repeat","background-position":"center center","background-size":"auto","background-attachment":"scroll","background-type":"","background-media":"","overlay-type":"","overlay-color":"","overlay-opacity":"","overlay-gradient":""},"tablet":{"background-color":"var(--ast-global-color-5)","background-image":"","background-repeat":"repeat","background-position":"center center","background-size":"auto","background-attachment":"scroll","background-type":"","background-media":"","overlay-type":"","overlay-color":"","overlay-opacity":"","overlay-gradient":""},"mobile":{"background-color":"var(--ast-global-color-5)","background-image":"","background-repeat":"repeat","background-position":"center center","background-size":"auto","background-attachment":"scroll","background-type":"","background-media":"","overlay-type":"","overlay-color":"","overlay-opacity":"","overlay-gradient":""}},"ngg_post_thumbnail":0,"footnotes":""},"class_list":["post-356","page","type-page","status-publish","hentry"],"_links":{"self":[{"href":"https:\/\/www.villa-ritter.ch\/index.php?rest_route=\/wp\/v2\/pages\/356","targetHints":{"allow":["GET"]}}],"collection":[{"href":"https:\/\/www.villa-ritter.ch\/index.php?rest_route=\/wp\/v2\/pages"}],"about":[{"href":"https:\/\/www.villa-ritter.ch\/index.php?rest_route=\/wp\/v2\/types\/page"}],"author":[{"embeddable":true,"href":"https:\/\/www.villa-ritter.ch\/index.php?rest_route=\/wp\/v2\/users\/1"}],"replies":[{"embeddable":true,"href":"https:\/\/www.villa-ritter.ch\/index.php?rest_route=%2Fwp%2Fv2%2Fcomments&post=356"}],"version-history":[{"count":6,"href":"https:\/\/www.villa-ritter.ch\/index.php?rest_route=\/wp\/v2\/pages\/356\/revisions"}],"predecessor-version":[{"id":3698,"href":"https:\/\/www.villa-ritter.ch\/index.php?rest_route=\/wp\/v2\/pages\/356\/revisions\/3698"}],"wp:attachment":[{"href":"https:\/\/www.villa-ritter.ch\/index.php?rest_route=%2Fwp%2Fv2%2Fmedia&parent=356"}],"curies":[{"name":"wp","href":"https:\/\/api.w.org\/{rel}","templated":true}]}}