{"id":365,"date":"2014-05-02T22:00:17","date_gmt":"2014-05-02T21:00:17","guid":{"rendered":"http:\/\/www.villa-ritter.ch\/blog\/?page_id=365"},"modified":"2022-03-23T21:48:52","modified_gmt":"2022-03-23T20:48:52","slug":"die-mitgliedkarte","status":"publish","type":"page","link":"https:\/\/www.villa-ritter.ch\/?page_id=365","title":{"rendered":"Die Mitgliedkarte"},"content":{"rendered":"\t\t<div data-elementor-type=\"wp-page\" data-elementor-id=\"365\" class=\"elementor elementor-365\">\n\t\t\t\t\t\t<section class=\"elementor-section elementor-top-section elementor-element elementor-element-63134503 elementor-section-boxed elementor-section-height-default elementor-section-height-default\" data-id=\"63134503\" data-element_type=\"section\" data-e-type=\"section\">\n\t\t\t\t\t\t<div class=\"elementor-container elementor-column-gap-default\">\n\t\t\t\t\t<div class=\"elementor-column elementor-col-33 elementor-top-column elementor-element elementor-element-6bd21303\" data-id=\"6bd21303\" data-element_type=\"column\" data-e-type=\"column\">\n\t\t\t<div class=\"elementor-widget-wrap elementor-element-populated\">\n\t\t\t\t\t\t<div class=\"elementor-element elementor-element-11e6d5a9 elementor-widget elementor-widget-image\" data-id=\"11e6d5a9\" data-element_type=\"widget\" data-e-type=\"widget\" data-widget_type=\"image.default\">\n\t\t\t\t<div class=\"elementor-widget-container\">\n\t\t\t\t\t\t\t\t\t\t\t\t\t\t\t<img fetchpriority=\"high\" decoding=\"async\" width=\"994\" height=\"637\" src=\"https:\/\/www.villa-ritter.ch\/wp-content\/uploads\/exemplecarte.jpg\" class=\"attachment-large size-large wp-image-3269\" alt=\"\" srcset=\"https:\/\/www.villa-ritter.ch\/wp-content\/uploads\/exemplecarte.jpg 994w, https:\/\/www.villa-ritter.ch\/wp-content\/uploads\/exemplecarte-300x192.jpg 300w, https:\/\/www.villa-ritter.ch\/wp-content\/uploads\/exemplecarte-768x492.jpg 768w, https:\/\/www.villa-ritter.ch\/wp-content\/uploads\/exemplecarte-600x385.jpg 600w\" sizes=\"(max-width: 994px) 100vw, 994px\" \/>\t\t\t\t\t\t\t\t\t\t\t\t\t\t\t<\/div>\n\t\t\t\t<\/div>\n\t\t\t\t\t<\/div>\n\t\t<\/div>\n\t\t\t\t<div class=\"elementor-column elementor-col-66 elementor-top-column elementor-element elementor-element-db81ee4\" data-id=\"db81ee4\" data-element_type=\"column\" data-e-type=\"column\">\n\t\t\t<div class=\"elementor-widget-wrap elementor-element-populated\">\n\t\t\t\t\t\t<div class=\"elementor-element elementor-element-57de592 elementor-widget elementor-widget-text-editor\" data-id=\"57de592\" data-element_type=\"widget\" data-e-type=\"widget\" data-widget_type=\"text-editor.default\">\n\t\t\t\t<div class=\"elementor-widget-container\">\n\t\t\t\t\t\t\t\t\t<p class=\"paragraph_style_1\">Alle Jugendlichen, welche die Villa Ritter aufsuchen, verf\u00fcgen \u00fcber eine Mitgliederkarte.<\/p><p class=\"paragraph_style_1\">Wenn du das erste Mal die Villa Ritter besuchst, f\u00fchrt dich eine Animatorin \/ ein Animator oder eine Praktikantin \/ ein Praktikant in das Haus und seine Regeln ein. Die entsprechende Person zeigt dir die Villa, erkl\u00e4rt dir, was du dort machen (und nicht machen!) kannst, stellt dir das Animatorenteam sowie Stundenpl\u00e4ne, S\u00e4le, Aktivit\u00e4ten, Unterst\u00fctzung usw. vor.<\/p><p class=\"paragraph_style_1\">Anschliessend erh\u00e4ltst du eine Mitgliederkarte, mit der du der Villa beitrittst und dich mit ihrem Betrieb einverstanden erkl\u00e4rst.<\/p><p class=\"paragraph_style_1\">Diese Karte musst du immer dabei haben, wenn du die Villa Ritter aufsuchst. Du ben\u00f6tigst sie, wenn du einen Pingpongschl\u00e4ger, eine Computertastatur, einen Schl\u00fcssel f\u00fcr einen Saal usw. ausleihst.<\/p><p class=\"paragraph_style_1\">Dieser Austausch \u2013 Material gegen Mitgliederkarte \u2013 steht f\u00fcr gegenseitiges Vertrauen und zeigt, dass du Verantwortung \u00fcbernimmst.<\/p><p class=\"paragraph_style_1\">Die Karte dient somit als Garantie: Statt f\u00fcr die Aktivit\u00e4ten zu bezahlen, die du betreiben m\u00f6chtest, gibst du uns einfach deine Karte ab. Darum solltest du sie auf keinen Fall vergessen.<\/p><p class=\"paragraph_style_1\">Bei dieser Gelegenheit lernen wir dich auch besser kennen und haben deine Angaben \u2013 f\u00fcr alle F\u00e4lle.<\/p><p>Die Karte ist selbstverst\u00e4ndlich gratis.<\/p>\t\t\t\t\t\t\t\t<\/div>\n\t\t\t\t<\/div>\n\t\t\t\t\t<\/div>\n\t\t<\/div>\n\t\t\t\t\t<\/div>\n\t\t<\/section>\n\t\t\t\t<\/div>\n\t\t","protected":false},"excerpt":{"rendered":"<p>Alle Jugendlichen, welche die Villa Ritter aufsuchen, verf\u00fcgen \u00fcber eine Mitgliederkarte. Wenn du das erste Mal die Villa Ritter besuchst, f\u00fchrt dich eine Animatorin \/ ein Animator oder eine Praktikantin \/ ein Praktikant in das Haus und seine Regeln ein. Die entsprechende Person zeigt dir die Villa, erkl\u00e4rt dir, was du dort machen (und nicht [&hellip;]<\/p>\n","protected":false},"author":1,"featured_media":0,"parent":356,"menu_order":3,"comment_status":"closed","ping_status":"closed","template":"","meta":{"site-sidebar-layout":"default","site-content-layout":"","ast-site-content-layout":"default","site-content-style":"default","site-sidebar-style":"default","ast-global-header-display":"","ast-banner-title-visibility":"","ast-main-header-display":"","ast-hfb-above-header-display":"","ast-hfb-below-header-display":"","ast-hfb-mobile-header-display":"","site-post-title":"","ast-breadcrumbs-content":"","ast-featured-img":"","footer-sml-layout":"","ast-disable-related-posts":"","theme-transparent-header-meta":"","adv-header-id-meta":"","stick-header-meta":"","header-above-stick-meta":"","header-main-stick-meta":"","header-below-stick-meta":"","astra-migrate-meta-layouts":"default","ast-page-background-enabled":"default","ast-page-background-meta":{"desktop":{"background-color":"","background-image":"","background-repeat":"repeat","background-position":"center center","background-size":"auto","background-attachment":"scroll","background-type":"","background-media":"","overlay-type":"","overlay-color":"","overlay-opacity":"","overlay-gradient":""},"tablet":{"background-color":"","background-image":"","background-repeat":"repeat","background-position":"center center","background-size":"auto","background-attachment":"scroll","background-type":"","background-media":"","overlay-type":"","overlay-color":"","overlay-opacity":"","overlay-gradient":""},"mobile":{"background-color":"","background-image":"","background-repeat":"repeat","background-position":"center center","background-size":"auto","background-attachment":"scroll","background-type":"","background-media":"","overlay-type":"","overlay-color":"","overlay-opacity":"","overlay-gradient":""}},"ast-content-background-meta":{"desktop":{"background-color":"var(--ast-global-color-5)","background-image":"","background-repeat":"repeat","background-position":"center center","background-size":"auto","background-attachment":"scroll","background-type":"","background-media":"","overlay-type":"","overlay-color":"","overlay-opacity":"","overlay-gradient":""},"tablet":{"background-color":"var(--ast-global-color-5)","background-image":"","background-repeat":"repeat","background-position":"center center","background-size":"auto","background-attachment":"scroll","background-type":"","background-media":"","overlay-type":"","overlay-color":"","overlay-opacity":"","overlay-gradient":""},"mobile":{"background-color":"var(--ast-global-color-5)","background-image":"","background-repeat":"repeat","background-position":"center center","background-size":"auto","background-attachment":"scroll","background-type":"","background-media":"","overlay-type":"","overlay-color":"","overlay-opacity":"","overlay-gradient":""}},"ngg_post_thumbnail":0,"footnotes":""},"class_list":["post-365","page","type-page","status-publish","hentry"],"_links":{"self":[{"href":"https:\/\/www.villa-ritter.ch\/index.php?rest_route=\/wp\/v2\/pages\/365","targetHints":{"allow":["GET"]}}],"collection":[{"href":"https:\/\/www.villa-ritter.ch\/index.php?rest_route=\/wp\/v2\/pages"}],"about":[{"href":"https:\/\/www.villa-ritter.ch\/index.php?rest_route=\/wp\/v2\/types\/page"}],"author":[{"embeddable":true,"href":"https:\/\/www.villa-ritter.ch\/index.php?rest_route=\/wp\/v2\/users\/1"}],"replies":[{"embeddable":true,"href":"https:\/\/www.villa-ritter.ch\/index.php?rest_route=%2Fwp%2Fv2%2Fcomments&post=365"}],"version-history":[{"count":6,"href":"https:\/\/www.villa-ritter.ch\/index.php?rest_route=\/wp\/v2\/pages\/365\/revisions"}],"predecessor-version":[{"id":3709,"href":"https:\/\/www.villa-ritter.ch\/index.php?rest_route=\/wp\/v2\/pages\/365\/revisions\/3709"}],"up":[{"embeddable":true,"href":"https:\/\/www.villa-ritter.ch\/index.php?rest_route=\/wp\/v2\/pages\/356"}],"wp:attachment":[{"href":"https:\/\/www.villa-ritter.ch\/index.php?rest_route=%2Fwp%2Fv2%2Fmedia&parent=365"}],"curies":[{"name":"wp","href":"https:\/\/api.w.org\/{rel}","templated":true}]}}