{"id":43,"date":"2014-02-25T11:17:57","date_gmt":"2014-02-25T10:17:57","guid":{"rendered":"http:\/\/www.villa-ritter.ch\/blog\/?page_id=43"},"modified":"2022-03-22T16:36:12","modified_gmt":"2022-03-22T15:36:12","slug":"liens","status":"publish","type":"page","link":"https:\/\/www.villa-ritter.ch\/?page_id=43","title":{"rendered":"Liens"},"content":{"rendered":"\t\t<div data-elementor-type=\"wp-page\" data-elementor-id=\"43\" class=\"elementor elementor-43\">\n\t\t\t\t\t\t<section class=\"elementor-section elementor-top-section elementor-element elementor-element-978f517 elementor-section-boxed elementor-section-height-default elementor-section-height-default\" data-id=\"978f517\" data-element_type=\"section\" data-e-type=\"section\">\n\t\t\t\t\t\t<div class=\"elementor-container elementor-column-gap-default\">\n\t\t\t\t\t<div class=\"elementor-column elementor-col-50 elementor-top-column elementor-element elementor-element-3a3d06b\" data-id=\"3a3d06b\" data-element_type=\"column\" data-e-type=\"column\">\n\t\t\t<div class=\"elementor-widget-wrap elementor-element-populated\">\n\t\t\t\t\t\t<div class=\"elementor-element elementor-element-9f0b399 elementor-view-default elementor-position-block-start elementor-mobile-position-block-start elementor-widget elementor-widget-icon-box\" data-id=\"9f0b399\" data-element_type=\"widget\" data-e-type=\"widget\" data-widget_type=\"icon-box.default\">\n\t\t\t\t<div class=\"elementor-widget-container\">\n\t\t\t\t\t\t\t<div class=\"elementor-icon-box-wrapper\">\n\n\t\t\t\t\t\t<div class=\"elementor-icon-box-icon\">\n\t\t\t\t<span  class=\"elementor-icon\">\n\t\t\t\t<i aria-hidden=\"true\" class=\"fas fa-info-circle\"><\/i>\t\t\t\t<\/span>\n\t\t\t<\/div>\n\t\t\t\n\t\t\t\t\t\t<div class=\"elementor-icon-box-content\">\n\n\t\t\t\t\t\t\t\t\t<h3 class=\"elementor-icon-box-title\">\n\t\t\t\t\t\t<span  >\n\t\t\t\t\t\t\tPour les jeunes \u00e0 Bienne\t\t\t\t\t\t<\/span>\n\t\t\t\t\t<\/h3>\n\t\t\t\t\n\t\t\t\t\n\t\t\t<\/div>\n\t\t\t\n\t\t<\/div>\n\t\t\t\t\t\t<\/div>\n\t\t\t\t<\/div>\n\t\t\t\t<div class=\"elementor-element elementor-element-33cb8be elementor-widget elementor-widget-text-editor\" data-id=\"33cb8be\" data-element_type=\"widget\" data-e-type=\"widget\" data-widget_type=\"text-editor.default\">\n\t\t\t\t<div class=\"elementor-widget-container\">\n\t\t\t\t\t\t\t\t\t<ul><li><a href=\"https:\/\/www.biel-bienne.ch\/fr\/enfants-jeunes.html\/343\">Ville de Bienne<\/a><\/li><li><a href=\"https:\/\/www.biel-bienne.ch\/fr\/centre-jeunesse-bunker.html\/364\">Centre de jeunesse Le Bunker<\/a><\/li><li><a href=\"https:\/\/www.biel-bienne.ch\/fr\/espace-filles-artemiss.html\/366\">Espace filles Artemiss<\/a><\/li><li><a href=\"https:\/\/www.biel-bienne.ch\/fr\/centre-jeunesse-mixd.html\/365\">Centre de jeunesse Mix&rsquo;d Madretsch<\/a><\/li><li><a href=\"https:\/\/www.biel-bienne.ch\/fr\/infoquartier-centre.html\/341\">InfoQuartier Centre<\/a><\/li><li><a href=\"https:\/\/www.biel-bienne.ch\/fr\/infoquartier-mache.html\/340\">InfoQuartier M\u00e2che<\/a><\/li><li><a href=\"https:\/\/www.biel-bienne.ch\/fr\/infoquartier-boujean.html\/338\">InfoQuartier Boujean<\/a><\/li><li><a href=\"https:\/\/www.biel-bienne.ch\/fr\/infoquartier-madretsch.html\/339\">InfoQuartier Madretsch<\/a><\/li><li><a href=\"https:\/\/www.biel-bienne.ch\/fr\/sports-at-night.html\/356\">Sports at night<\/a><\/li><li><a href=\"http:\/\/www.x-project.ch\">X-Project<\/a><\/li><li><a href=\"http:\/\/www.reseau.ch\" target=\"_blank\" rel=\"noopener noreferrer\">Paroisse r\u00e9form\u00e9e de Bienne<\/a><\/li><\/ul>\t\t\t\t\t\t\t\t<\/div>\n\t\t\t\t<\/div>\n\t\t\t\t\t<\/div>\n\t\t<\/div>\n\t\t\t\t<div class=\"elementor-column elementor-col-50 elementor-top-column elementor-element elementor-element-5aa32be\" data-id=\"5aa32be\" data-element_type=\"column\" data-e-type=\"column\">\n\t\t\t<div class=\"elementor-widget-wrap elementor-element-populated\">\n\t\t\t\t\t\t<div class=\"elementor-element elementor-element-3a5d6d3 elementor-view-default elementor-position-block-start elementor-mobile-position-block-start elementor-widget elementor-widget-icon-box\" data-id=\"3a5d6d3\" data-element_type=\"widget\" data-e-type=\"widget\" data-widget_type=\"icon-box.default\">\n\t\t\t\t<div class=\"elementor-widget-container\">\n\t\t\t\t\t\t\t<div class=\"elementor-icon-box-wrapper\">\n\n\t\t\t\t\t\t<div class=\"elementor-icon-box-icon\">\n\t\t\t\t<span  class=\"elementor-icon\">\n\t\t\t\t<i aria-hidden=\"true\" class=\"fas fa-info-circle\"><\/i>\t\t\t\t<\/span>\n\t\t\t<\/div>\n\t\t\t\n\t\t\t\t\t\t<div class=\"elementor-icon-box-content\">\n\n\t\t\t\t\t\t\t\t\t<h3 class=\"elementor-icon-box-title\">\n\t\t\t\t\t\t<span  >\n\t\t\t\t\t\t\tAutres centres de jeunes\t\t\t\t\t\t<\/span>\n\t\t\t\t\t<\/h3>\n\t\t\t\t\n\t\t\t\t\n\t\t\t<\/div>\n\t\t\t\n\t\t<\/div>\n\t\t\t\t\t\t<\/div>\n\t\t\t\t<\/div>\n\t\t\t\t<div class=\"elementor-element elementor-element-e6dfb7c elementor-widget elementor-widget-text-editor\" data-id=\"e6dfb7c\" data-element_type=\"widget\" data-e-type=\"widget\" data-widget_type=\"text-editor.default\">\n\t\t\t\t<div class=\"elementor-widget-container\">\n\t\t\t\t\t\t\t\t\t<ul><li style=\"text-align: left;\"><a href=\"http:\/\/www.oxyjeunes.ch\" target=\"_blank\" rel=\"noopener noreferrer\">www.oxyjeunes.ch<\/a><\/li><li><a href=\"https:\/\/moutier.ch\/services-et-infos-pratiques\/famille-et-education\/enfance-jeunesse\/service-de-la-jeunesse-et-des-actions-communautaires-sejac\/\" target=\"_blank\" rel=\"noopener noreferrer\">SEJAC \u00e0 Moutier<\/a><\/li><li><a href=\"http:\/\/www.a-j-r.ch\" target=\"_blank\" rel=\"noopener noreferrer\">AJR de Tramelan \u00e0 Court<\/a><\/li><li><a href=\"http:\/\/www.e-j-e.ch\" target=\"_blank\" rel=\"noopener noreferrer\">Espace jeunesse Ergu\u00ebl<\/a><\/li><li><a href=\"http:\/\/www.delemont.ch\/espace-jeunes\" target=\"_blank\" rel=\"noopener noreferrer\">Espace jeunes Del\u00e9mont<\/a><\/li><li><a href=\"https:\/\/porrentruy.ch\/vivre-a-porrentruy\/espace-jeunes\/\" target=\"_blank\" rel=\"noopener noreferrer\">Espace jeunes Porrentruy<\/a><\/li><li><a href=\"http:\/\/www.c-a-j.ch\" target=\"_blank\" rel=\"noopener noreferrer\">Centre animation P\u00e9ry<\/a><\/li><li><a href=\"http:\/\/www.janu.ch\" target=\"_blank\" rel=\"noopener noreferrer\">www.janu.ch<\/a><\/li><li><a href=\"http:\/\/www.traeffpoint.ch\" target=\"_blank\" rel=\"noopener noreferrer\">www.traeffpoint.ch<\/a><\/li><\/ul>\t\t\t\t\t\t\t\t<\/div>\n\t\t\t\t<\/div>\n\t\t\t\t\t<\/div>\n\t\t<\/div>\n\t\t\t\t\t<\/div>\n\t\t<\/section>\n\t\t\t\t<section class=\"elementor-section elementor-top-section elementor-element elementor-element-fc00d94 elementor-section-boxed elementor-section-height-default elementor-section-height-default\" data-id=\"fc00d94\" data-element_type=\"section\" data-e-type=\"section\">\n\t\t\t\t\t\t<div class=\"elementor-container elementor-column-gap-default\">\n\t\t\t\t\t<div class=\"elementor-column elementor-col-50 elementor-top-column elementor-element elementor-element-9931f02\" data-id=\"9931f02\" data-element_type=\"column\" data-e-type=\"column\">\n\t\t\t<div class=\"elementor-widget-wrap elementor-element-populated\">\n\t\t\t\t\t\t<div class=\"elementor-element elementor-element-cac1205 elementor-view-default elementor-position-block-start elementor-mobile-position-block-start elementor-widget elementor-widget-icon-box\" data-id=\"cac1205\" data-element_type=\"widget\" data-e-type=\"widget\" data-widget_type=\"icon-box.default\">\n\t\t\t\t<div class=\"elementor-widget-container\">\n\t\t\t\t\t\t\t<div class=\"elementor-icon-box-wrapper\">\n\n\t\t\t\t\t\t<div class=\"elementor-icon-box-icon\">\n\t\t\t\t<span  class=\"elementor-icon\">\n\t\t\t\t<i aria-hidden=\"true\" class=\"fas fa-info-circle\"><\/i>\t\t\t\t<\/span>\n\t\t\t<\/div>\n\t\t\t\n\t\t\t\t\t\t<div class=\"elementor-icon-box-content\">\n\n\t\t\t\t\t\t\t\t\t<h3 class=\"elementor-icon-box-title\">\n\t\t\t\t\t\t<span  >\n\t\t\t\t\t\t\tFormation\t\t\t\t\t\t<\/span>\n\t\t\t\t\t<\/h3>\n\t\t\t\t\n\t\t\t\t\n\t\t\t<\/div>\n\t\t\t\n\t\t<\/div>\n\t\t\t\t\t\t<\/div>\n\t\t\t\t<\/div>\n\t\t\t\t<div class=\"elementor-element elementor-element-f85af5f elementor-widget elementor-widget-text-editor\" data-id=\"f85af5f\" data-element_type=\"widget\" data-e-type=\"widget\" data-widget_type=\"text-editor.default\">\n\t\t\t\t<div class=\"elementor-widget-container\">\n\t\t\t\t\t\t\t\t\t<ul><li style=\"text-align: left;\"><a href=\"http:\/\/www.berufsberatung.ch\/dyn\/1046.aspx\">Orientation professionnelle<\/a><\/li><li style=\"text-align: left;\"><a href=\"https:\/\/www.biel-bienne.ch\/fr\/bourse-aux-jobs.html\/368\">Bourse aux jobs<\/a><\/li><\/ul>\t\t\t\t\t\t\t\t<\/div>\n\t\t\t\t<\/div>\n\t\t\t\t\t<\/div>\n\t\t<\/div>\n\t\t\t\t<div class=\"elementor-column elementor-col-50 elementor-top-column elementor-element elementor-element-a8cb2ea\" data-id=\"a8cb2ea\" data-element_type=\"column\" data-e-type=\"column\">\n\t\t\t<div class=\"elementor-widget-wrap elementor-element-populated\">\n\t\t\t\t\t\t<div class=\"elementor-element elementor-element-da898c0 elementor-view-default elementor-position-block-start elementor-mobile-position-block-start elementor-widget elementor-widget-icon-box\" data-id=\"da898c0\" data-element_type=\"widget\" data-e-type=\"widget\" data-widget_type=\"icon-box.default\">\n\t\t\t\t<div class=\"elementor-widget-container\">\n\t\t\t\t\t\t\t<div class=\"elementor-icon-box-wrapper\">\n\n\t\t\t\t\t\t<div class=\"elementor-icon-box-icon\">\n\t\t\t\t<span  class=\"elementor-icon\">\n\t\t\t\t<i aria-hidden=\"true\" class=\"fas fa-info-circle\"><\/i>\t\t\t\t<\/span>\n\t\t\t<\/div>\n\t\t\t\n\t\t\t\t\t\t<div class=\"elementor-icon-box-content\">\n\n\t\t\t\t\t\t\t\t\t<h3 class=\"elementor-icon-box-title\">\n\t\t\t\t\t\t<span  >\n\t\t\t\t\t\t\tUn p'tit coup de main?\t\t\t\t\t\t<\/span>\n\t\t\t\t\t<\/h3>\n\t\t\t\t\n\t\t\t\t\n\t\t\t<\/div>\n\t\t\t\n\t\t<\/div>\n\t\t\t\t\t\t<\/div>\n\t\t\t\t<\/div>\n\t\t\t\t<div class=\"elementor-element elementor-element-8332941 elementor-widget elementor-widget-text-editor\" data-id=\"8332941\" data-element_type=\"widget\" data-e-type=\"widget\" data-widget_type=\"text-editor.default\">\n\t\t\t\t<div class=\"elementor-widget-container\">\n\t\t\t\t\t\t\t\t\t<ul><li style=\"text-align: left;\"><a href=\"https:\/\/www.centre-hospitalier-bienne.ch\/patients-visiteurs\/offre-medicale\/gynecologie\/prestations\/service-de-consultation-en-sante-sexuelle\/\">Consultation en sant\u00e9 sexuelle<\/a><\/li><li><a href=\"http:\/\/www.ciao.ch\" target=\"_blank\" rel=\"noopener noreferrer\">www.ciao.ch<\/a><\/li><li><a href=\"https:\/\/www.infoklick.ch\/romandie\/\" target=\"_blank\" rel=\"noopener noreferrer\">www.infoklick.ch<\/a><\/li><li><a href=\"http:\/\/www.croix-bleue.ch\" target=\"_blank\" rel=\"noopener noreferrer\">www.croix-bleue.ch<\/a><\/li><li><a href=\"http:\/\/www.bemyangel.ch\" target=\"_blank\" rel=\"noopener noreferrer\">www.bemyangel.ch<\/a><\/li><li><a href=\"http:\/\/www.sida-ju.ch\" target=\"_blank\" rel=\"noopener noreferrer\">www.sida-ju.ch<\/a><\/li><\/ul>\t\t\t\t\t\t\t\t<\/div>\n\t\t\t\t<\/div>\n\t\t\t\t\t<\/div>\n\t\t<\/div>\n\t\t\t\t\t<\/div>\n\t\t<\/section>\n\t\t\t\t<\/div>\n\t\t","protected":false},"excerpt":{"rendered":"<p>Pour les jeunes \u00e0 Bienne Ville de Bienne Centre de jeunesse Le Bunker Espace filles Artemiss Centre de jeunesse Mix&rsquo;d Madretsch InfoQuartier Centre InfoQuartier M\u00e2che InfoQuartier Boujean InfoQuartier Madretsch Sports at night X-Project Paroisse r\u00e9form\u00e9e de Bienne Autres centres de jeunes www.oxyjeunes.ch SEJAC \u00e0 Moutier AJR de Tramelan \u00e0 Court Espace jeunesse Ergu\u00ebl Espace jeunes [&hellip;]<\/p>\n","protected":false},"author":1,"featured_media":0,"parent":0,"menu_order":6,"comment_status":"closed","ping_status":"closed","template":"","meta":{"site-sidebar-layout":"default","site-content-layout":"","ast-site-content-layout":"default","site-content-style":"default","site-sidebar-style":"default","ast-global-header-display":"","ast-banner-title-visibility":"","ast-main-header-display":"","ast-hfb-above-header-display":"","ast-hfb-below-header-display":"","ast-hfb-mobile-header-display":"","site-post-title":"","ast-breadcrumbs-content":"","ast-featured-img":"","footer-sml-layout":"","ast-disable-related-posts":"","theme-transparent-header-meta":"","adv-header-id-meta":"","stick-header-meta":"","header-above-stick-meta":"","header-main-stick-meta":"","header-below-stick-meta":"","astra-migrate-meta-layouts":"default","ast-page-background-enabled":"default","ast-page-background-meta":{"desktop":{"background-color":"","background-image":"","background-repeat":"repeat","background-position":"center center","background-size":"auto","background-attachment":"scroll","background-type":"","background-media":"","overlay-type":"","overlay-color":"","overlay-opacity":"","overlay-gradient":""},"tablet":{"background-color":"","background-image":"","background-repeat":"repeat","background-position":"center center","background-size":"auto","background-attachment":"scroll","background-type":"","background-media":"","overlay-type":"","overlay-color":"","overlay-opacity":"","overlay-gradient":""},"mobile":{"background-color":"","background-image":"","background-repeat":"repeat","background-position":"center center","background-size":"auto","background-attachment":"scroll","background-type":"","background-media":"","overlay-type":"","overlay-color":"","overlay-opacity":"","overlay-gradient":""}},"ast-content-background-meta":{"desktop":{"background-color":"var(--ast-global-color-5)","background-image":"","background-repeat":"repeat","background-position":"center center","background-size":"auto","background-attachment":"scroll","background-type":"","background-media":"","overlay-type":"","overlay-color":"","overlay-opacity":"","overlay-gradient":""},"tablet":{"background-color":"var(--ast-global-color-5)","background-image":"","background-repeat":"repeat","background-position":"center center","background-size":"auto","background-attachment":"scroll","background-type":"","background-media":"","overlay-type":"","overlay-color":"","overlay-opacity":"","overlay-gradient":""},"mobile":{"background-color":"var(--ast-global-color-5)","background-image":"","background-repeat":"repeat","background-position":"center center","background-size":"auto","background-attachment":"scroll","background-type":"","background-media":"","overlay-type":"","overlay-color":"","overlay-opacity":"","overlay-gradient":""}},"ngg_post_thumbnail":0,"footnotes":""},"class_list":["post-43","page","type-page","status-publish","hentry"],"_links":{"self":[{"href":"https:\/\/www.villa-ritter.ch\/index.php?rest_route=\/wp\/v2\/pages\/43","targetHints":{"allow":["GET"]}}],"collection":[{"href":"https:\/\/www.villa-ritter.ch\/index.php?rest_route=\/wp\/v2\/pages"}],"about":[{"href":"https:\/\/www.villa-ritter.ch\/index.php?rest_route=\/wp\/v2\/types\/page"}],"author":[{"embeddable":true,"href":"https:\/\/www.villa-ritter.ch\/index.php?rest_route=\/wp\/v2\/users\/1"}],"replies":[{"embeddable":true,"href":"https:\/\/www.villa-ritter.ch\/index.php?rest_route=%2Fwp%2Fv2%2Fcomments&post=43"}],"version-history":[{"count":34,"href":"https:\/\/www.villa-ritter.ch\/index.php?rest_route=\/wp\/v2\/pages\/43\/revisions"}],"predecessor-version":[{"id":3481,"href":"https:\/\/www.villa-ritter.ch\/index.php?rest_route=\/wp\/v2\/pages\/43\/revisions\/3481"}],"wp:attachment":[{"href":"https:\/\/www.villa-ritter.ch\/index.php?rest_route=%2Fwp%2Fv2%2Fmedia&parent=43"}],"curies":[{"name":"wp","href":"https:\/\/api.w.org\/{rel}","templated":true}]}}