{"id":45,"date":"2014-02-25T11:18:20","date_gmt":"2014-02-25T10:18:20","guid":{"rendered":"http:\/\/www.villa-ritter.ch\/blog\/?page_id=45"},"modified":"2022-03-22T15:55:35","modified_gmt":"2022-03-22T14:55:35","slug":"photos","status":"publish","type":"page","link":"https:\/\/www.villa-ritter.ch\/?page_id=45","title":{"rendered":"Photos"},"content":{"rendered":"\t\t<div data-elementor-type=\"wp-page\" data-elementor-id=\"45\" class=\"elementor elementor-45\">\n\t\t\t\t\t\t<section class=\"elementor-section elementor-top-section elementor-element elementor-element-l8jrj5s elementor-section-boxed elementor-section-height-default elementor-section-height-default\" data-id=\"l8jrj5s\" data-element_type=\"section\" data-e-type=\"section\" data-settings=\"{&quot;background_background&quot;:&quot;classic&quot;}\">\n\t\t\t\t\t\t<div class=\"elementor-container elementor-column-gap-default\">\n\t\t\t\t\t<div class=\"elementor-column elementor-col-50 elementor-top-column elementor-element elementor-element-5eb62c9\" data-id=\"5eb62c9\" data-element_type=\"column\" data-e-type=\"column\">\n\t\t\t<div class=\"elementor-widget-wrap elementor-element-populated\">\n\t\t\t\t\t\t<div class=\"elementor-element elementor-element-c86d32b elementor-widget elementor-widget-heading\" data-id=\"c86d32b\" data-element_type=\"widget\" data-e-type=\"widget\" data-widget_type=\"heading.default\">\n\t\t\t\t<div class=\"elementor-widget-container\">\n\t\t\t\t\t<h3 class=\"elementor-heading-title elementor-size-default\">Images les plus r\u00e9centes<\/h3>\t\t\t\t<\/div>\n\t\t\t\t<\/div>\n\t\t\t\t<div class=\"elementor-element elementor-element-289c237 elementor-widget elementor-widget-text-editor\" data-id=\"289c237\" data-element_type=\"widget\" data-e-type=\"widget\" data-widget_type=\"text-editor.default\">\n\t\t\t\t<div class=\"elementor-widget-container\">\n\t\t\t\t\t\t\t\t\t<h6>Panel des diverses activit\u00e9 ayant lieu \u00e0 la Villa Ritter. Les jeunes ont entre 13 et 18 ans et participent \u00e0 des activit\u00e9s durant les vacances notamment. Sinon la Villa laisse place \u00e0 de l&rsquo;accueil libre en mettant \u00e0 disposition des salles pour danser, \u00e9couter de la musique, ou pour juste ne rien faire. On y trouve aussi les jeux tels que le billard, ping-pong, baby-foot, la PS4&#8230; R\u00e9guli\u00e8rement nous organisons des Bouffe-tchatche o\u00f9 les jeunes participent \u00e0 la confection du repas.<br><\/h6>\t\t\t\t\t\t\t\t<\/div>\n\t\t\t\t<\/div>\n\t\t\t\t<div class=\"elementor-element elementor-element-302de7a elementor-widget elementor-widget-image-carousel\" data-id=\"302de7a\" data-element_type=\"widget\" data-e-type=\"widget\" data-settings=\"{&quot;slides_to_show&quot;:&quot;1&quot;,&quot;navigation&quot;:&quot;none&quot;,&quot;autoplay_speed&quot;:2000,&quot;autoplay&quot;:&quot;yes&quot;,&quot;pause_on_hover&quot;:&quot;yes&quot;,&quot;pause_on_interaction&quot;:&quot;yes&quot;,&quot;infinite&quot;:&quot;yes&quot;,&quot;effect&quot;:&quot;slide&quot;,&quot;speed&quot;:500}\" data-widget_type=\"image-carousel.default\">\n\t\t\t\t<div class=\"elementor-widget-container\">\n\t\t\t\t\t\t\t<div class=\"elementor-image-carousel-wrapper swiper\" role=\"region\" aria-roledescription=\"carousel\" aria-label=\"Carrousel d\u2019images\" dir=\"ltr\">\n\t\t\t<div class=\"elementor-image-carousel swiper-wrapper\" aria-live=\"off\">\n\t\t\t\t\t\t\t\t<div class=\"swiper-slide\" role=\"group\" aria-roledescription=\"slide\" aria-label=\"1 of 10\"><figure class=\"swiper-slide-inner\"><img decoding=\"async\" class=\"swiper-slide-image\" src=\"https:\/\/www.villa-ritter.ch\/wp-content\/uploads\/IMG-20201229-WA0006-e1645561646598.jpg\" alt=\"IMG-20201229-WA0006\" \/><\/figure><\/div><div class=\"swiper-slide\" role=\"group\" aria-roledescription=\"slide\" aria-label=\"2 of 10\"><figure class=\"swiper-slide-inner\"><img decoding=\"async\" class=\"swiper-slide-image\" src=\"https:\/\/www.villa-ritter.ch\/wp-content\/uploads\/IMG_5456-Medium.jpeg\" alt=\"IMG_5456 Medium\" \/><\/figure><\/div><div class=\"swiper-slide\" role=\"group\" aria-roledescription=\"slide\" aria-label=\"3 of 10\"><figure class=\"swiper-slide-inner\"><img decoding=\"async\" class=\"swiper-slide-image\" src=\"https:\/\/www.villa-ritter.ch\/wp-content\/uploads\/DSC02562-Medium.jpeg\" alt=\"DSC02562 Medium\" \/><\/figure><\/div><div class=\"swiper-slide\" role=\"group\" aria-roledescription=\"slide\" aria-label=\"4 of 10\"><figure class=\"swiper-slide-inner\"><img decoding=\"async\" class=\"swiper-slide-image\" src=\"https:\/\/www.villa-ritter.ch\/wp-content\/uploads\/20210831_173337-copie-Medium.jpeg\" alt=\"20210831_173337 copie Medium\" \/><\/figure><\/div><div class=\"swiper-slide\" role=\"group\" aria-roledescription=\"slide\" aria-label=\"5 of 10\"><figure class=\"swiper-slide-inner\"><img decoding=\"async\" class=\"swiper-slide-image\" src=\"https:\/\/www.villa-ritter.ch\/wp-content\/uploads\/IMG_20210616_170449.jpg\" alt=\"IMG_20210616_170449\" \/><\/figure><\/div><div class=\"swiper-slide\" role=\"group\" aria-roledescription=\"slide\" aria-label=\"6 of 10\"><figure class=\"swiper-slide-inner\"><img decoding=\"async\" class=\"swiper-slide-image\" src=\"https:\/\/www.villa-ritter.ch\/wp-content\/uploads\/WhatsApp-Image-2020-09-30-at-10.29.34-2-Medium.jpeg\" alt=\"WhatsApp Image 2020-09-30 at 10.29.34 (2) Medium\" \/><\/figure><\/div><div class=\"swiper-slide\" role=\"group\" aria-roledescription=\"slide\" aria-label=\"7 of 10\"><figure class=\"swiper-slide-inner\"><img decoding=\"async\" class=\"swiper-slide-image\" src=\"https:\/\/www.villa-ritter.ch\/wp-content\/uploads\/7004697.jpg\" alt=\"_7004697\" \/><\/figure><\/div><div class=\"swiper-slide\" role=\"group\" aria-roledescription=\"slide\" aria-label=\"8 of 10\"><figure class=\"swiper-slide-inner\"><img decoding=\"async\" class=\"swiper-slide-image\" src=\"https:\/\/www.villa-ritter.ch\/wp-content\/uploads\/078ea817-024f-43c0-8663-fbc80640a641.jpg\" alt=\"078ea817-024f-43c0-8663-fbc80640a641\" \/><\/figure><\/div><div class=\"swiper-slide\" role=\"group\" aria-roledescription=\"slide\" aria-label=\"9 of 10\"><figure class=\"swiper-slide-inner\"><img decoding=\"async\" class=\"swiper-slide-image\" src=\"https:\/\/www.villa-ritter.ch\/wp-content\/uploads\/20210831_173026-Medium-e1645561595533.jpeg\" alt=\"20210831_173026 Medium\" \/><\/figure><\/div><div class=\"swiper-slide\" role=\"group\" aria-roledescription=\"slide\" aria-label=\"10 of 10\"><figure class=\"swiper-slide-inner\"><img decoding=\"async\" class=\"swiper-slide-image\" src=\"https:\/\/www.villa-ritter.ch\/wp-content\/uploads\/P6230436-Medium.jpeg\" alt=\"OLYMPUS DIGITAL CAMERA\" \/><\/figure><\/div>\t\t\t<\/div>\n\t\t\t\t\t\t\t\n\t\t\t\t\t\t\t\t\t<\/div>\n\t\t\t\t\t\t<\/div>\n\t\t\t\t<\/div>\n\t\t\t\t\t<\/div>\n\t\t<\/div>\n\t\t\t\t<div class=\"elementor-column elementor-col-50 elementor-top-column elementor-element elementor-element-1392a61\" data-id=\"1392a61\" data-element_type=\"column\" data-e-type=\"column\">\n\t\t\t<div class=\"elementor-widget-wrap elementor-element-populated\">\n\t\t\t\t\t\t<div class=\"elementor-element elementor-element-a1cd770 elementor-widget elementor-widget-image\" data-id=\"a1cd770\" data-element_type=\"widget\" data-e-type=\"widget\" data-widget_type=\"image.default\">\n\t\t\t\t<div class=\"elementor-widget-container\">\n\t\t\t\t\t\t\t\t\t\t\t\t\t\t\t<img fetchpriority=\"high\" decoding=\"async\" width=\"640\" height=\"360\" src=\"https:\/\/www.villa-ritter.ch\/wp-content\/uploads\/20211126_200709-Medium.jpeg\" class=\"attachment-large size-large wp-image-3147\" alt=\"\" srcset=\"https:\/\/www.villa-ritter.ch\/wp-content\/uploads\/20211126_200709-Medium.jpeg 640w, https:\/\/www.villa-ritter.ch\/wp-content\/uploads\/20211126_200709-Medium-300x169.jpeg 300w, https:\/\/www.villa-ritter.ch\/wp-content\/uploads\/20211126_200709-Medium-600x338.jpeg 600w\" sizes=\"(max-width: 640px) 100vw, 640px\" \/>\t\t\t\t\t\t\t\t\t\t\t\t\t\t\t<\/div>\n\t\t\t\t<\/div>\n\t\t\t\t<div class=\"elementor-element elementor-element-91c72a4 elementor-widget elementor-widget-heading\" data-id=\"91c72a4\" data-element_type=\"widget\" data-e-type=\"widget\" data-widget_type=\"heading.default\">\n\t\t\t\t<div class=\"elementor-widget-container\">\n\t\t\t\t\t<h6 class=\"elementor-heading-title elementor-size-default\">\u00c0 l'accueil, nous sommes \u00e0 l'\u00e9coute des jeunes... au travers des jeux par exemple. Puis on en arrive \u00e0 des projets de clips comme le montre l'image ci-dessous.<\/h6>\t\t\t\t<\/div>\n\t\t\t\t<\/div>\n\t\t\t\t<div class=\"elementor-element elementor-element-e8cdbdb elementor-widget elementor-widget-image\" data-id=\"e8cdbdb\" data-element_type=\"widget\" data-e-type=\"widget\" data-widget_type=\"image.default\">\n\t\t\t\t<div class=\"elementor-widget-container\">\n\t\t\t\t\t\t\t\t\t\t\t\t\t\t\t<img decoding=\"async\" src=\"https:\/\/www.villa-ritter.ch\/wp-content\/uploads\/8.jpeg\" title=\"\" alt=\"\" loading=\"lazy\" \/>\t\t\t\t\t\t\t\t\t\t\t\t\t\t\t<\/div>\n\t\t\t\t<\/div>\n\t\t\t\t<div class=\"elementor-element elementor-element-7d67140 elementor-widget elementor-widget-image\" data-id=\"7d67140\" data-element_type=\"widget\" data-e-type=\"widget\" data-widget_type=\"image.default\">\n\t\t\t\t<div class=\"elementor-widget-container\">\n\t\t\t\t\t\t\t\t\t\t\t\t\t\t\t<img decoding=\"async\" width=\"480\" height=\"364\" src=\"https:\/\/www.villa-ritter.ch\/wp-content\/uploads\/WMZJ1327-Medium-e1647960298407.jpeg\" class=\"attachment-full size-full wp-image-3109\" alt=\"\" srcset=\"https:\/\/www.villa-ritter.ch\/wp-content\/uploads\/WMZJ1327-Medium-e1647960298407.jpeg 480w, https:\/\/www.villa-ritter.ch\/wp-content\/uploads\/WMZJ1327-Medium-e1647960298407-300x228.jpeg 300w\" sizes=\"(max-width: 480px) 100vw, 480px\" \/>\t\t\t\t\t\t\t\t\t\t\t\t\t\t\t<\/div>\n\t\t\t\t<\/div>\n\t\t\t\t\t<\/div>\n\t\t<\/div>\n\t\t\t\t\t<\/div>\n\t\t<\/section>\n\t\t\t\t<\/div>\n\t\t","protected":false},"excerpt":{"rendered":"<p>Images les plus r\u00e9centes Panel des diverses activit\u00e9 ayant lieu \u00e0 la Villa Ritter. Les jeunes ont entre 13 et 18 ans et participent \u00e0 des activit\u00e9s durant les vacances notamment. Sinon la Villa laisse place \u00e0 de l&rsquo;accueil libre en mettant \u00e0 disposition des salles pour danser, \u00e9couter de la musique, ou pour juste [&hellip;]<\/p>\n","protected":false},"author":1,"featured_media":0,"parent":0,"menu_order":5,"comment_status":"closed","ping_status":"closed","template":"","meta":{"site-sidebar-layout":"default","site-content-layout":"","ast-site-content-layout":"default","site-content-style":"default","site-sidebar-style":"default","ast-global-header-display":"","ast-banner-title-visibility":"","ast-main-header-display":"","ast-hfb-above-header-display":"","ast-hfb-below-header-display":"","ast-hfb-mobile-header-display":"","site-post-title":"","ast-breadcrumbs-content":"","ast-featured-img":"","footer-sml-layout":"","ast-disable-related-posts":"","theme-transparent-header-meta":"","adv-header-id-meta":"","stick-header-meta":"","header-above-stick-meta":"","header-main-stick-meta":"","header-below-stick-meta":"","astra-migrate-meta-layouts":"default","ast-page-background-enabled":"default","ast-page-background-meta":{"desktop":{"background-color":"","background-image":"","background-repeat":"repeat","background-position":"center center","background-size":"auto","background-attachment":"scroll","background-type":"","background-media":"","overlay-type":"","overlay-color":"","overlay-opacity":"","overlay-gradient":""},"tablet":{"background-color":"","background-image":"","background-repeat":"repeat","background-position":"center center","background-size":"auto","background-attachment":"scroll","background-type":"","background-media":"","overlay-type":"","overlay-color":"","overlay-opacity":"","overlay-gradient":""},"mobile":{"background-color":"","background-image":"","background-repeat":"repeat","background-position":"center center","background-size":"auto","background-attachment":"scroll","background-type":"","background-media":"","overlay-type":"","overlay-color":"","overlay-opacity":"","overlay-gradient":""}},"ast-content-background-meta":{"desktop":{"background-color":"var(--ast-global-color-5)","background-image":"","background-repeat":"repeat","background-position":"center center","background-size":"auto","background-attachment":"scroll","background-type":"","background-media":"","overlay-type":"","overlay-color":"","overlay-opacity":"","overlay-gradient":""},"tablet":{"background-color":"var(--ast-global-color-5)","background-image":"","background-repeat":"repeat","background-position":"center center","background-size":"auto","background-attachment":"scroll","background-type":"","background-media":"","overlay-type":"","overlay-color":"","overlay-opacity":"","overlay-gradient":""},"mobile":{"background-color":"var(--ast-global-color-5)","background-image":"","background-repeat":"repeat","background-position":"center center","background-size":"auto","background-attachment":"scroll","background-type":"","background-media":"","overlay-type":"","overlay-color":"","overlay-opacity":"","overlay-gradient":""}},"ngg_post_thumbnail":0,"footnotes":""},"class_list":["post-45","page","type-page","status-publish","hentry"],"_links":{"self":[{"href":"https:\/\/www.villa-ritter.ch\/index.php?rest_route=\/wp\/v2\/pages\/45","targetHints":{"allow":["GET"]}}],"collection":[{"href":"https:\/\/www.villa-ritter.ch\/index.php?rest_route=\/wp\/v2\/pages"}],"about":[{"href":"https:\/\/www.villa-ritter.ch\/index.php?rest_route=\/wp\/v2\/types\/page"}],"author":[{"embeddable":true,"href":"https:\/\/www.villa-ritter.ch\/index.php?rest_route=\/wp\/v2\/users\/1"}],"replies":[{"embeddable":true,"href":"https:\/\/www.villa-ritter.ch\/index.php?rest_route=%2Fwp%2Fv2%2Fcomments&post=45"}],"version-history":[{"count":19,"href":"https:\/\/www.villa-ritter.ch\/index.php?rest_route=\/wp\/v2\/pages\/45\/revisions"}],"predecessor-version":[{"id":3468,"href":"https:\/\/www.villa-ritter.ch\/index.php?rest_route=\/wp\/v2\/pages\/45\/revisions\/3468"}],"wp:attachment":[{"href":"https:\/\/www.villa-ritter.ch\/index.php?rest_route=%2Fwp%2Fv2%2Fmedia&parent=45"}],"curies":[{"name":"wp","href":"https:\/\/api.w.org\/{rel}","templated":true}]}}