{"id":7,"date":"2014-02-25T10:45:39","date_gmt":"2014-02-25T09:45:39","guid":{"rendered":"http:\/\/www.villa-ritter.ch\/blog\/?page_id=7"},"modified":"2022-03-16T11:54:19","modified_gmt":"2022-03-16T10:54:19","slug":"la-villa-pour-les-jeunes","status":"publish","type":"page","link":"https:\/\/www.villa-ritter.ch\/?page_id=7","title":{"rendered":"La Villa pour les jeunes"},"content":{"rendered":"\t\t<div data-elementor-type=\"wp-page\" data-elementor-id=\"7\" class=\"elementor elementor-7\">\n\t\t\t\t\t\t<section class=\"elementor-section elementor-top-section elementor-element elementor-element-bd7798f elementor-section-boxed elementor-section-height-default elementor-section-height-default\" data-id=\"bd7798f\" data-element_type=\"section\" data-e-type=\"section\">\n\t\t\t\t\t\t<div class=\"elementor-container elementor-column-gap-default\">\n\t\t\t\t\t<div class=\"elementor-column elementor-col-50 elementor-top-column elementor-element elementor-element-bc82f80\" data-id=\"bc82f80\" data-element_type=\"column\" data-e-type=\"column\">\n\t\t\t<div class=\"elementor-widget-wrap elementor-element-populated\">\n\t\t\t\t\t\t<div class=\"elementor-element elementor-element-1958dc1 elementor-widget elementor-widget-image\" data-id=\"1958dc1\" data-element_type=\"widget\" data-e-type=\"widget\" data-widget_type=\"image.default\">\n\t\t\t\t<div class=\"elementor-widget-container\">\n\t\t\t\t\t\t\t\t\t\t\t\t\t\t\t<img fetchpriority=\"high\" decoding=\"async\" width=\"282\" height=\"500\" src=\"https:\/\/www.villa-ritter.ch\/wp-content\/uploads\/porte3.jpg\" class=\"attachment-full size-full wp-image-3209\" alt=\"\" srcset=\"https:\/\/www.villa-ritter.ch\/wp-content\/uploads\/porte3.jpg 282w, https:\/\/www.villa-ritter.ch\/wp-content\/uploads\/porte3-169x300.jpg 169w\" sizes=\"(max-width: 282px) 100vw, 282px\" \/>\t\t\t\t\t\t\t\t\t\t\t\t\t\t\t<\/div>\n\t\t\t\t<\/div>\n\t\t\t\t\t<\/div>\n\t\t<\/div>\n\t\t\t\t<div class=\"elementor-column elementor-col-50 elementor-top-column elementor-element elementor-element-771d1e4\" data-id=\"771d1e4\" data-element_type=\"column\" data-e-type=\"column\">\n\t\t\t<div class=\"elementor-widget-wrap elementor-element-populated\">\n\t\t\t\t\t\t<div class=\"elementor-element elementor-element-af25a95 elementor-drop-cap-yes elementor-drop-cap-view-default elementor-widget elementor-widget-text-editor\" data-id=\"af25a95\" data-element_type=\"widget\" data-e-type=\"widget\" data-settings=\"{&quot;drop_cap&quot;:&quot;yes&quot;}\" data-widget_type=\"text-editor.default\">\n\t\t\t\t<div class=\"elementor-widget-container\">\n\t\t\t\t\t\t\t\t\t<p>La Villa Ritter est une grande maison qui offre de nombreuses activit\u00e9s aux adolescents\u00b7es de 13 \u00e0 18 ans. Tu peux y venir pendant ton temps libre, seul\u00b7e ou avec tes ami-e-s. L\u2019acc\u00e8s est des plus simples ! Il te suffit de consulter nos heures d\u2019ouverture et de venir te pr\u00e9senter \u00e0 l\u2019accueil. Un\u00b7e animateur\u00b7trice, stagiaire ou un civiliste t\u2019accueillera et te pr\u00e9sentera la Villa Ritter. Nous te cr\u00e9erons ensuite ta carte de membre. <br><\/p>\n<p>\u00c0 la Villa il y a de nombreuses salles o\u00f9 tu peux faire de la danse, de la musique ou t&rsquo;exercer \u00e0 mixer avec des platines. Il y a aussi une salle de jeux avec un billard, une table de ping-pong, un baby-foot. Sans oublier la salle cin\u00e9ma avec une PS4 sur grand \u00e9cran, le jardin et beaucoup de canap\u00e9s pour te \u201cposer\u201d et discuter tranquillement avec tes amis.<\/p>\n<p>Les animateurs-trices sont aussi \u00e0 ta disposition si tu as besoin d\u2019un coup de main pour \u00e9crire un CV ou pour d\u2019autres questions ou dif\u00e9rents types de probl\u00e8mes. Nous saurons te conseiller ou te rediriger vers d\u2019autres personnes pour trouver les solutions les plus ad\u00e9quates \u00e0 ta situation. <br><\/p><p>Si tu as des questions n\u2019h\u00e9site pas \u00e0 nous les poser. Si tes parents souhaitent nous rencontrer ou visiter la Villa il n\u2019y a aucun soucis, dis-leur de nous appeler et on fixera un rendez-vous!<\/p>\t\t\t\t\t\t\t\t<\/div>\n\t\t\t\t<\/div>\n\t\t\t\t\t<\/div>\n\t\t<\/div>\n\t\t\t\t\t<\/div>\n\t\t<\/section>\n\t\t\t\t<\/div>\n\t\t","protected":false},"excerpt":{"rendered":"<p>La Villa Ritter est une grande maison qui offre de nombreuses activit\u00e9s aux adolescents\u00b7es de 13 \u00e0 18 ans. Tu peux y venir pendant ton temps libre, seul\u00b7e ou avec tes ami-e-s. L\u2019acc\u00e8s est des plus simples ! Il te suffit de consulter nos heures d\u2019ouverture et de venir te pr\u00e9senter \u00e0 l\u2019accueil. Un\u00b7e animateur\u00b7trice, [&hellip;]<\/p>\n","protected":false},"author":1,"featured_media":0,"parent":0,"menu_order":2,"comment_status":"closed","ping_status":"closed","template":"","meta":{"site-sidebar-layout":"default","site-content-layout":"","ast-site-content-layout":"default","site-content-style":"default","site-sidebar-style":"default","ast-global-header-display":"","ast-banner-title-visibility":"","ast-main-header-display":"","ast-hfb-above-header-display":"","ast-hfb-below-header-display":"","ast-hfb-mobile-header-display":"","site-post-title":"","ast-breadcrumbs-content":"","ast-featured-img":"","footer-sml-layout":"","ast-disable-related-posts":"","theme-transparent-header-meta":"","adv-header-id-meta":"","stick-header-meta":"","header-above-stick-meta":"","header-main-stick-meta":"","header-below-stick-meta":"","astra-migrate-meta-layouts":"default","ast-page-background-enabled":"default","ast-page-background-meta":{"desktop":{"background-color":"","background-image":"","background-repeat":"repeat","background-position":"center center","background-size":"auto","background-attachment":"scroll","background-type":"","background-media":"","overlay-type":"","overlay-color":"","overlay-opacity":"","overlay-gradient":""},"tablet":{"background-color":"","background-image":"","background-repeat":"repeat","background-position":"center center","background-size":"auto","background-attachment":"scroll","background-type":"","background-media":"","overlay-type":"","overlay-color":"","overlay-opacity":"","overlay-gradient":""},"mobile":{"background-color":"","background-image":"","background-repeat":"repeat","background-position":"center center","background-size":"auto","background-attachment":"scroll","background-type":"","background-media":"","overlay-type":"","overlay-color":"","overlay-opacity":"","overlay-gradient":""}},"ast-content-background-meta":{"desktop":{"background-color":"var(--ast-global-color-5)","background-image":"","background-repeat":"repeat","background-position":"center center","background-size":"auto","background-attachment":"scroll","background-type":"","background-media":"","overlay-type":"","overlay-color":"","overlay-opacity":"","overlay-gradient":""},"tablet":{"background-color":"var(--ast-global-color-5)","background-image":"","background-repeat":"repeat","background-position":"center center","background-size":"auto","background-attachment":"scroll","background-type":"","background-media":"","overlay-type":"","overlay-color":"","overlay-opacity":"","overlay-gradient":""},"mobile":{"background-color":"var(--ast-global-color-5)","background-image":"","background-repeat":"repeat","background-position":"center center","background-size":"auto","background-attachment":"scroll","background-type":"","background-media":"","overlay-type":"","overlay-color":"","overlay-opacity":"","overlay-gradient":""}},"ngg_post_thumbnail":0,"footnotes":""},"class_list":["post-7","page","type-page","status-publish","hentry"],"_links":{"self":[{"href":"https:\/\/www.villa-ritter.ch\/index.php?rest_route=\/wp\/v2\/pages\/7","targetHints":{"allow":["GET"]}}],"collection":[{"href":"https:\/\/www.villa-ritter.ch\/index.php?rest_route=\/wp\/v2\/pages"}],"about":[{"href":"https:\/\/www.villa-ritter.ch\/index.php?rest_route=\/wp\/v2\/types\/page"}],"author":[{"embeddable":true,"href":"https:\/\/www.villa-ritter.ch\/index.php?rest_route=\/wp\/v2\/users\/1"}],"replies":[{"embeddable":true,"href":"https:\/\/www.villa-ritter.ch\/index.php?rest_route=%2Fwp%2Fv2%2Fcomments&post=7"}],"version-history":[{"count":12,"href":"https:\/\/www.villa-ritter.ch\/index.php?rest_route=\/wp\/v2\/pages\/7\/revisions"}],"predecessor-version":[{"id":3251,"href":"https:\/\/www.villa-ritter.ch\/index.php?rest_route=\/wp\/v2\/pages\/7\/revisions\/3251"}],"wp:attachment":[{"href":"https:\/\/www.villa-ritter.ch\/index.php?rest_route=%2Fwp%2Fv2%2Fmedia&parent=7"}],"curies":[{"name":"wp","href":"https:\/\/api.w.org\/{rel}","templated":true}]}}